{"id":1160,"date":"2022-06-06T22:20:09","date_gmt":"2022-06-06T20:20:09","guid":{"rendered":"https:\/\/www.galeris.de\/?page_id=1160"},"modified":"2024-12-19T18:50:06","modified_gmt":"2024-12-19T17:50:06","slug":"hikr","status":"publish","type":"page","link":"https:\/\/www.galeris.de\/index.php\/hikr\/","title":{"rendered":"Hikr"},"content":{"rendered":"<p>So beschreibt sich <strong>hikr.org<\/strong> selbst:<\/p>\n<p><span style=\"color: #4e6582;\"><em>Hikr.org ist eine non-profit Website, auf der die Benutzer Berichte ihrer Bergtouren publizieren, um diese in Erinnerung zu behalten und um Erfahrungen, Eindr\u00fccke und andere n\u00fctzliche Informationen mit der Community zu teilen. Auf Hikr.org kann man neue Ideen f\u00fcr Bergtouren suchen und finden. Wir haben schon mehrere tausend detaillierte und informative Berichte aus \u00fcber 400 Regionen auf der ganzen Welt \u2013 Tendenz steigend!<\/em><\/span><br \/>\n<span style=\"color: #4e6582;\"><em>Hikr.org ist eine riesige Foto-Galerie mit Zehntausenden von Berg- und Naturbildern.<\/em><\/span><br \/>\n<span style=\"color: #4e6582;\"><em>Hikr.org ist eine Gemeinschaft, wo Du Leute treffen kannst, die sich genauso f\u00fcr die Berge interessieren wie Du selbst. Jeder kann mitmachen ohne etwas zu bezahlen.<\/em><\/span><\/p>\n<p>F\u00fcr mich ist es eine gro\u00dfartige Webseite: Toureninfos, Bilder, Tipps und anschaulich geschriebene Tour-Berichte lassen mich \u00f6fters dort hineinschauen. Obwohl ich keinen der &#8222;hikr-Leute&#8220; pers\u00f6nlich kenne, f\u00fchle ich mich durch das Lesen ihrer Berichte samt Fotos mit ihnen verbunden.<\/p>\n<p>Nachfolgend ein paar unserer 165 Tourberichte auf <strong>hikr.org<\/strong><br \/>\n(die Fotos zur Tour befinden sich dort jeweils im rechten Seitenbereich)<\/p>\n<hr \/>\n<p>18.08.1988 \u2013 Las\u00f6rling Nordgrat<br \/>\n<a href=\"https:\/\/www.hikr.org\/tour\/post27543.html\">https:\/\/www.hikr.org\/tour\/post27543.html<\/a><\/p>\n<p><span style=\"color: #ff0000;\"><span style=\"color: #000000;\">06.07.1989 \u2013 Kellenspitze Westgrat<\/span><br \/>\n<\/span><a href=\"https:\/\/www.hikr.org\/tour\/post45728.html\">https:\/\/www.hikr.org\/tour\/post45728.html<\/a><\/p>\n<p><span style=\"color: #ff0000;\"><span style=\"color: #000000;\">25.08.1990 \u2013 Walengrat<\/span><br \/>\n<\/span><a href=\"https:\/\/www.hikr.org\/tour\/post8159.html\">https:\/\/www.hikr.org\/tour\/post8159.html<\/a><\/p>\n<p><span style=\"color: #ff0000;\"><span style=\"color: #000000;\">25.09. 1991 \u2013 Plattnitzer Jochspitze<\/span><br \/>\n<\/span><a href=\"https:\/\/www.hikr.org\/tour\/post45748.html\">https:\/\/www.hikr.org\/tour\/post45748.html<\/a><\/p>\n<p>06.09.1992 \u2013 Zucco di Pesciola (2092m), \u00fcber die Ferrata Pesciola<br \/>\n<a href=\"https:\/\/www.hikr.org\/tour\/post27594.html\">https:\/\/www.hikr.org\/tour\/post27594.html<\/a><\/p>\n<p>01.09.2006 \u2013 Basodino (3272m), Umkehr auf Gletscher<br \/>\n<a href=\"https:\/\/www.hikr.org\/tour\/post27589.html\">https:\/\/www.hikr.org\/tour\/post27589.html<\/a><\/p>\n<p>10.09.2010 \u2013 Jegihorn (3206m), Klettersteig<br \/>\n<a href=\"https:\/\/www.hikr.org\/tour\/post27813.html\">https:\/\/www.hikr.org\/tour\/post27589.html<\/a><\/p>\n<p><span style=\"color: #ff0000;\"><span style=\"color: #000000;\">17.09. 2015 \u2013 <\/span><span style=\"color: #333333;\">Gro\u00dfe Kanzel (1052m), Kanzelsteig zum Zweiten<\/span><br \/>\n<\/span><a href=\"https:\/\/www.hikr.org\/tour\/post99569.html\">https:\/\/www.hikr.org\/tour\/post99569.html<\/a><\/p>\n<p><span style=\"color: #ff0000;\"><span style=\"color: #000000;\">19.09. 2019 \u2013 Essen-Rostocker-H\u00fctte<\/span><br \/>\n<\/span><a href=\"https:\/\/www.hikr.org\/tour\/post147153.html\">https:\/\/www.hikr.org\/tour\/post147153.html<\/a><\/p>\n<p><span style=\"color: #ff0000;\"><span style=\"color: #000000;\">13.09. 2020 \u2013 Litnisschrofen<\/span><br \/>\n<\/span><a href=\"https:\/\/www.hikr.org\/tour\/post157117.html\">https:\/\/www.hikr.org\/tour\/post157117.html<\/a><\/p>\n<p>&nbsp;<\/p>\n<p>&nbsp;<\/p>\n<p>&nbsp;<\/p>\n<p>&nbsp;<\/p>\n<p>&nbsp;<\/p>\n","protected":false},"excerpt":{"rendered":"<p>So beschreibt sich hikr.org selbst: Hikr.org ist eine non-profit Website, auf der die Benutzer Berichte ihrer Bergtouren publizieren, um diese in Erinnerung zu behalten und um Erfahrungen, Eindr\u00fccke und andere n\u00fctzliche Informationen mit der Community zu teilen. Auf Hikr.org kann<\/p>\n","protected":false},"author":1,"featured_media":0,"parent":0,"menu_order":0,"comment_status":"closed","ping_status":"closed","template":"","meta":{"footnotes":""},"class_list":["post-1160","page","type-page","status-publish","hentry"],"_links":{"self":[{"href":"https:\/\/www.galeris.de\/index.php\/wp-json\/wp\/v2\/pages\/1160","targetHints":{"allow":["GET"]}}],"collection":[{"href":"https:\/\/www.galeris.de\/index.php\/wp-json\/wp\/v2\/pages"}],"about":[{"href":"https:\/\/www.galeris.de\/index.php\/wp-json\/wp\/v2\/types\/page"}],"author":[{"embeddable":true,"href":"https:\/\/www.galeris.de\/index.php\/wp-json\/wp\/v2\/users\/1"}],"replies":[{"embeddable":true,"href":"https:\/\/www.galeris.de\/index.php\/wp-json\/wp\/v2\/comments?post=1160"}],"version-history":[{"count":56,"href":"https:\/\/www.galeris.de\/index.php\/wp-json\/wp\/v2\/pages\/1160\/revisions"}],"predecessor-version":[{"id":1725,"href":"https:\/\/www.galeris.de\/index.php\/wp-json\/wp\/v2\/pages\/1160\/revisions\/1725"}],"wp:attachment":[{"href":"https:\/\/www.galeris.de\/index.php\/wp-json\/wp\/v2\/media?parent=1160"}],"curies":[{"name":"wp","href":"https:\/\/api.w.org\/{rel}","templated":true}]}}