{"id":1396,"date":"2023-07-07T19:41:42","date_gmt":"2023-07-07T17:41:42","guid":{"rendered":"https:\/\/www.galeris.de\/?page_id=1396"},"modified":"2023-07-14T20:28:50","modified_gmt":"2023-07-14T18:28:50","slug":"kurztrips","status":"publish","type":"page","link":"https:\/\/www.galeris.de\/index.php\/kurztrips\/","title":{"rendered":"Kurztrips"},"content":{"rendered":"<p>Wir haben schon immer gerne drei- bis viert\u00e4gige Kurztrips gemacht. Vor allem der Mai mit seinen vielen Br\u00fcckentagen bot sich daf\u00fcr an. F\u00fcr uns stand der Kurztrip fast immer f\u00fcr einen &#8222;kurzen Bergurlaub&#8220;, der uns in die n\u00e4heren Alpenregionen wie Allg\u00e4u und Bregenzer Wald f\u00fchrte. Den Nachteil von An- und Abfahrt nahmen wir ergeben auf uns.<\/p>\n<p>Heute sind unsere Reisen, wie auch Kurztrips weniger geworden \u2013 die Bequemlichkeit!<br \/>\nAnstelle der Reisen treten nun die Kurztrips, und anstelle der Kurztrips die Tagesfahrten in der Region. So bilden St\u00e4dtetrips, Besichtigungen, Ausstellungen, Musik\/Theater \u2013 weiter weg von der Bergstrasse \u2013 die Ausnahme.<\/p>\n<p><strong>2023<\/strong><\/p>\n<p><a href=\"https:\/\/www.galeris.de\/index.php\/kurztrips\/drachenfels-bei-dahn\/\" target=\"_blank\" rel=\"noopener\">Juni 2023 \u2013 Dahner Felsenland<\/a><\/p>\n<p><a href=\"https:\/\/www.galeris.de\/index.php\/kurztrips\/2023-weinheim\/\" target=\"_blank\" rel=\"noopener\">Juni 2023 \u2013 Weinheim<\/a><\/p>\n<p>&nbsp;<\/p>\n<p>&nbsp;<\/p>\n","protected":false},"excerpt":{"rendered":"<p>Wir haben schon immer gerne drei- bis viert\u00e4gige Kurztrips gemacht. Vor allem der Mai mit seinen vielen Br\u00fcckentagen bot sich daf\u00fcr an. F\u00fcr uns stand der Kurztrip fast immer f\u00fcr einen &#8222;kurzen Bergurlaub&#8220;, der uns in die n\u00e4heren Alpenregionen wie<\/p>\n","protected":false},"author":1,"featured_media":0,"parent":0,"menu_order":0,"comment_status":"closed","ping_status":"closed","template":"","meta":{"footnotes":""},"class_list":["post-1396","page","type-page","status-publish","hentry"],"_links":{"self":[{"href":"https:\/\/www.galeris.de\/index.php\/wp-json\/wp\/v2\/pages\/1396","targetHints":{"allow":["GET"]}}],"collection":[{"href":"https:\/\/www.galeris.de\/index.php\/wp-json\/wp\/v2\/pages"}],"about":[{"href":"https:\/\/www.galeris.de\/index.php\/wp-json\/wp\/v2\/types\/page"}],"author":[{"embeddable":true,"href":"https:\/\/www.galeris.de\/index.php\/wp-json\/wp\/v2\/users\/1"}],"replies":[{"embeddable":true,"href":"https:\/\/www.galeris.de\/index.php\/wp-json\/wp\/v2\/comments?post=1396"}],"version-history":[{"count":21,"href":"https:\/\/www.galeris.de\/index.php\/wp-json\/wp\/v2\/pages\/1396\/revisions"}],"predecessor-version":[{"id":1607,"href":"https:\/\/www.galeris.de\/index.php\/wp-json\/wp\/v2\/pages\/1396\/revisions\/1607"}],"wp:attachment":[{"href":"https:\/\/www.galeris.de\/index.php\/wp-json\/wp\/v2\/media?parent=1396"}],"curies":[{"name":"wp","href":"https:\/\/api.w.org\/{rel}","templated":true}]}}