{"id":1464,"date":"2023-07-09T13:34:48","date_gmt":"2023-07-09T11:34:48","guid":{"rendered":"https:\/\/www.galeris.de\/?page_id=1464"},"modified":"2023-07-14T19:59:02","modified_gmt":"2023-07-14T17:59:02","slug":"drachenfels-bei-dahn","status":"publish","type":"page","link":"https:\/\/www.galeris.de\/index.php\/kurztrips\/drachenfels-bei-dahn\/","title":{"rendered":"Juni 23 \u2013 Drachenfels"},"content":{"rendered":"<p>Bei sch\u00f6nstem Wetter machen Marion und ich von der Bergstrasse aus einen Trip ins Dahner Felsenland. F\u00fcr uns ist es trotz der relativen N\u00e4he noch ein weisser Fleck auf der Landkarte. Vor vielen Jahren waren wir einmal hier in der N\u00e4he in Annweiler am Trifels.<br \/>\nWir gehen zuerst vom Parkplatz der Drachenfelsh\u00fctte zur nahen Burgruine. Es sind nur wenige Wanderer unterwegs, dies ist wohl der heute geschlossenen Einkehrm\u00f6glichkeiten Drachenfelsh\u00fctte und Weissensteiner Hof geschuldet.<br \/>\nEs macht Spass, durch das verwinkelte Gem\u00e4uer langsam nach oben zu steigen. Eine steile, luftige Metalltreppe am Ende vermittelt fast schon ein wenig Klettersteig-Gef\u00fchl. Nach ausgiebiger Rundschau beschliessen wir unsere kleine Tour mit dem Besuch des Buchkammerfelsens, etwa zwanzig Gehminuten entfernt.<br \/>\n<div  id=\"jtg-1398\" class=\"modula modula-gallery modula-columns\" data-config=\"{&quot;tabletHeight&quot;:0,&quot;mobileHeight&quot;:0,&quot;desktopHeight&quot;:0,&quot;enableTwitter&quot;:false,&quot;enableWhatsapp&quot;:false,&quot;enableFacebook&quot;:false,&quot;enablePinterest&quot;:false,&quot;enableLinkedin&quot;:false,&quot;enableEmail&quot;:false,&quot;randomFactor&quot;:0,&quot;type&quot;:&quot;grid&quot;,&quot;columns&quot;:12,&quot;gutter&quot;:10,&quot;mobileGutter&quot;:10,&quot;tabletGutter&quot;:10,&quot;desktopGutter&quot;:10,&quot;enableResponsive&quot;:&quot;0&quot;,&quot;tabletColumns&quot;:&quot;2&quot;,&quot;mobileColumns&quot;:&quot;1&quot;,&quot;lazyLoad&quot;:0,&quot;lightboxOpts&quot;:{&quot;animated&quot;:true,&quot;Thumbs&quot;:{&quot;type&quot;:&quot;modern&quot;,&quot;showOnStart&quot;:false},&quot;Toolbar&quot;:{&quot;display&quot;:{&quot;right&quot;:[&quot;close&quot;]},&quot;enabled&quot;:true},&quot;Carousel&quot;:{&quot;Panzoom&quot;:{&quot;touch&quot;:true},&quot;infinite&quot;:false},&quot;keyboard&quot;:{&quot;Escape&quot;:&quot;close&quot;,&quot;Delete&quot;:&quot;close&quot;,&quot;Backspace&quot;:&quot;close&quot;,&quot;PageUp&quot;:false,&quot;PageDown&quot;:false,&quot;ArrowUp&quot;:false,&quot;ArrowDown&quot;:false,&quot;ArrowRight&quot;:false,&quot;ArrowLeft&quot;:false},&quot;touch&quot;:false,&quot;backdropClick&quot;:false,&quot;l10n&quot;:{&quot;CLOSE&quot;:&quot;Schlie\\u00dfen&quot;,&quot;NEXT&quot;:&quot;Weiter&quot;,&quot;PREV&quot;:&quot;Zur\\u00fcck&quot;,&quot;Error&quot;:&quot;Der angeforderte Inhalt kann nicht geladen werden. Bitte versuche es sp\\u00e4ter noch einmal.&quot;,&quot;PLAY_START&quot;:&quot;Slideshow starten&quot;,&quot;PLAY_STOP&quot;:&quot;Slideshow anhalten&quot;,&quot;FULL_SCREEN&quot;:&quot;Vollbild&quot;,&quot;THUMBS&quot;:&quot;Vorschaubilder&quot;,&quot;DOWNLOAD&quot;:&quot;Download&quot;,&quot;SHARE&quot;:&quot;Teilen&quot;,&quot;ZOOM&quot;:&quot;Vergr\\u00f6\\u00dfern&quot;,&quot;EMAIL&quot;:&quot;Hier ist der Link zum Bild: %%image_link%% und hier ist der Link zur Galerie: %%gallery_link%%&quot;,&quot;MODAL&quot;:&quot;Du kannst diesen Modal-Inhalt mit der ESC-Taste schlie\\u00dfen&quot;,&quot;ERROR&quot;:&quot;Es ist ein Fehler aufgetreten. Bitte versuche es sp\\u00e4ter noch einmal&quot;,&quot;IMAGE_ERROR&quot;:&quot;Bild nicht gefunden&quot;,&quot;ELEMENT_NOT_FOUND&quot;:&quot;HTML-Element nicht gefunden&quot;,&quot;AJAX_NOT_FOUND&quot;:&quot;Fehler beim Laden von AJAX: Nicht gefunden&quot;,&quot;AJAX_FORBIDDEN&quot;:&quot;Fehler beim Laden von AJAX: Zugriff verweigert&quot;,&quot;IFRAME_ERROR&quot;:&quot;Fehler beim Laden der Seite&quot;,&quot;TOGGLE_ZOOM&quot;:&quot;Zoomstufe umschalten&quot;,&quot;TOGGLE_THUMBS&quot;:&quot;Miniaturansichten ein-\\\/ausblenden&quot;,&quot;TOGGLE_SLIDESHOW&quot;:&quot;Diashow ein-\\\/ausschalten&quot;,&quot;TOGGLE_FULLSCREEN&quot;:&quot;Vollbildmodus umschalten&quot;},&quot;Images&quot;:{&quot;Panzoom&quot;:{&quot;maxScale&quot;:2}},&quot;mainClass&quot;:&quot;modula-fancybox-container modula-lightbox-jtg-1398&quot;,&quot;Html&quot;:{&quot;videoAutoplay&quot;:0,&quot;videoTpl&quot;:&quot;&lt;video class=\\&quot;fancybox__html5video\\&quot; controls muted playsinline controlsList controlsList=\\&quot;nodownload\\&quot; poster=\\&quot;{{poster}}\\&quot; src=\\&quot;{{src}}\\&quot; type=\\&quot;{{format}}\\&quot; &gt;  Sorry, your browser doesn&#039;t support embedded videos, &lt;a href=\\&quot;{{src}}\\&quot;&gt; download &lt;\\\/a&gt; and watch with your favorite video player! &lt;\\\/video&gt;&quot;}},&quot;inView&quot;:false,&quot;email_subject&quot;:&quot;Check out this awesome image !!&quot;,&quot;email_message&quot;:&quot;Here is the link to the image : %%image_link%% and this is the link to the gallery : %%gallery_link%%&quot;,&quot;grid_type&quot;:&quot;3&quot;,&quot;rowHeight&quot;:0,&quot;lastRow&quot;:&quot;&quot;,&quot;lightbox&quot;:&quot;fancybox&quot;}\">\n\n\t<div class=\"modula-grid-sizer\"> <\/div>\n\t<div  class=\"modula-items grid-gallery\">\n\t\t<div class=\"modula-item effect-pufrobo\" >\n\t<div class=\"modula-item-overlay\"><\/div>\n\n\t<div class=\"modula-item-content\">\n\n\t\t<a data-image-id=\"1399\" role=\"button\" tabindex=\"0\" rel=\"jtg-1398\" data-caption=\"\" aria-label=\"Bilder in Lightbox \u00f6ffnen\" class=\"tile-inner modula-item-link\"><\/a><img decoding=\"async\" class=\"pic wp-image-1399\"  data-valign=\"middle\" data-halign=\"center\" alt=\"\" data-full=\"https:\/\/www.galeris.de\/wp-content\/uploads\/2023\/07\/01-drachenfels2.jpg\" title=\"01-drachenfels2\" crop=\"\" width=\"660\" height=\"495\" src=\"https:\/\/www.galeris.de\/wp-content\/uploads\/2023\/07\/01-drachenfels2-1024x768.jpg\" data-src=\"https:\/\/www.galeris.de\/wp-content\/uploads\/2023\/07\/01-drachenfels2-1024x768.jpg\" data-caption=\"\" srcset=\"https:\/\/www.galeris.de\/wp-content\/uploads\/2023\/07\/01-drachenfels2.jpg 1466w, https:\/\/www.galeris.de\/wp-content\/uploads\/2023\/07\/01-drachenfels2-300x225.jpg 300w, https:\/\/www.galeris.de\/wp-content\/uploads\/2023\/07\/01-drachenfels2-1024x768.jpg 1024w, https:\/\/www.galeris.de\/wp-content\/uploads\/2023\/07\/01-drachenfels2-768x576.jpg 768w, https:\/\/www.galeris.de\/wp-content\/uploads\/2023\/07\/01-drachenfels2-660x495.jpg 660w\" sizes=\"(max-width: 660px) 100vw, 660px\" \/>\n\t\t<div class=\"figc no-description\">\n\t\t\t<div class=\"figc-inner\">\n\t\t\t\t\t\t\t\t\t\t\t\t\t\t\t<\/div>\n\t\t<\/div>\n\n\t<\/div>\n\n<\/div><div class=\"modula-item effect-pufrobo\" >\n\t<div class=\"modula-item-overlay\"><\/div>\n\n\t<div class=\"modula-item-content\">\n\n\t\t<a data-image-id=\"1400\" role=\"button\" tabindex=\"0\" rel=\"jtg-1398\" data-caption=\"\" aria-label=\"Bilder in Lightbox \u00f6ffnen\" class=\"tile-inner modula-item-link\"><\/a><img decoding=\"async\" class=\"pic wp-image-1400\"  data-valign=\"middle\" data-halign=\"center\" alt=\"\" data-full=\"https:\/\/www.galeris.de\/wp-content\/uploads\/2023\/07\/02-drachenfels2.jpg\" title=\"02-drachenfels2\" crop=\"\" width=\"660\" height=\"495\" src=\"https:\/\/www.galeris.de\/wp-content\/uploads\/2023\/07\/02-drachenfels2-1024x768.jpg\" data-src=\"https:\/\/www.galeris.de\/wp-content\/uploads\/2023\/07\/02-drachenfels2-1024x768.jpg\" data-caption=\"\" srcset=\"https:\/\/www.galeris.de\/wp-content\/uploads\/2023\/07\/02-drachenfels2.jpg 1466w, https:\/\/www.galeris.de\/wp-content\/uploads\/2023\/07\/02-drachenfels2-300x225.jpg 300w, https:\/\/www.galeris.de\/wp-content\/uploads\/2023\/07\/02-drachenfels2-1024x768.jpg 1024w, https:\/\/www.galeris.de\/wp-content\/uploads\/2023\/07\/02-drachenfels2-768x576.jpg 768w, https:\/\/www.galeris.de\/wp-content\/uploads\/2023\/07\/02-drachenfels2-660x495.jpg 660w\" sizes=\"(max-width: 660px) 100vw, 660px\" \/>\n\t\t<div class=\"figc no-description\">\n\t\t\t<div class=\"figc-inner\">\n\t\t\t\t\t\t\t\t\t\t\t\t\t\t\t<\/div>\n\t\t<\/div>\n\n\t<\/div>\n\n<\/div><div class=\"modula-item effect-pufrobo\" >\n\t<div class=\"modula-item-overlay\"><\/div>\n\n\t<div class=\"modula-item-content\">\n\n\t\t<a data-image-id=\"1401\" role=\"button\" tabindex=\"0\" rel=\"jtg-1398\" data-caption=\"\" aria-label=\"Bilder in Lightbox \u00f6ffnen\" class=\"tile-inner modula-item-link\"><\/a><img decoding=\"async\" class=\"pic wp-image-1401\"  data-valign=\"middle\" data-halign=\"center\" alt=\"\" data-full=\"https:\/\/www.galeris.de\/wp-content\/uploads\/2023\/07\/03-drachenfels2.jpg\" title=\"03-drachenfels2\" crop=\"\" width=\"660\" height=\"880\" src=\"https:\/\/www.galeris.de\/wp-content\/uploads\/2023\/07\/03-drachenfels2-768x1024.jpg\" data-src=\"https:\/\/www.galeris.de\/wp-content\/uploads\/2023\/07\/03-drachenfels2-768x1024.jpg\" data-caption=\"\" srcset=\"https:\/\/www.galeris.de\/wp-content\/uploads\/2023\/07\/03-drachenfels2.jpg 1100w, https:\/\/www.galeris.de\/wp-content\/uploads\/2023\/07\/03-drachenfels2-225x300.jpg 225w, https:\/\/www.galeris.de\/wp-content\/uploads\/2023\/07\/03-drachenfels2-768x1024.jpg 768w, https:\/\/www.galeris.de\/wp-content\/uploads\/2023\/07\/03-drachenfels2-660x880.jpg 660w\" sizes=\"(max-width: 660px) 100vw, 660px\" \/>\n\t\t<div class=\"figc no-description\">\n\t\t\t<div class=\"figc-inner\">\n\t\t\t\t\t\t\t\t\t\t\t\t\t\t\t<\/div>\n\t\t<\/div>\n\n\t<\/div>\n\n<\/div><div class=\"modula-item effect-pufrobo\" >\n\t<div class=\"modula-item-overlay\"><\/div>\n\n\t<div class=\"modula-item-content\">\n\n\t\t<a data-image-id=\"1402\" role=\"button\" tabindex=\"0\" rel=\"jtg-1398\" data-caption=\"\" aria-label=\"Bilder in Lightbox \u00f6ffnen\" class=\"tile-inner modula-item-link\"><\/a><img decoding=\"async\" class=\"pic wp-image-1402\"  data-valign=\"middle\" data-halign=\"center\" alt=\"\" data-full=\"https:\/\/www.galeris.de\/wp-content\/uploads\/2023\/07\/04-drachenfels2.jpg\" title=\"04-drachenfels2\" crop=\"\" width=\"660\" height=\"880\" src=\"https:\/\/www.galeris.de\/wp-content\/uploads\/2023\/07\/04-drachenfels2-768x1024.jpg\" data-src=\"https:\/\/www.galeris.de\/wp-content\/uploads\/2023\/07\/04-drachenfels2-768x1024.jpg\" data-caption=\"\" srcset=\"https:\/\/www.galeris.de\/wp-content\/uploads\/2023\/07\/04-drachenfels2.jpg 1100w, https:\/\/www.galeris.de\/wp-content\/uploads\/2023\/07\/04-drachenfels2-225x300.jpg 225w, https:\/\/www.galeris.de\/wp-content\/uploads\/2023\/07\/04-drachenfels2-768x1024.jpg 768w, https:\/\/www.galeris.de\/wp-content\/uploads\/2023\/07\/04-drachenfels2-660x880.jpg 660w\" sizes=\"(max-width: 660px) 100vw, 660px\" \/>\n\t\t<div class=\"figc no-description\">\n\t\t\t<div class=\"figc-inner\">\n\t\t\t\t\t\t\t\t\t\t\t\t\t\t\t<\/div>\n\t\t<\/div>\n\n\t<\/div>\n\n<\/div><div class=\"modula-item effect-pufrobo\" >\n\t<div class=\"modula-item-overlay\"><\/div>\n\n\t<div class=\"modula-item-content\">\n\n\t\t<a data-image-id=\"1403\" role=\"button\" tabindex=\"0\" rel=\"jtg-1398\" data-caption=\"\" aria-label=\"Bilder in Lightbox \u00f6ffnen\" class=\"tile-inner modula-item-link\"><\/a><img decoding=\"async\" class=\"pic wp-image-1403\"  data-valign=\"middle\" data-halign=\"center\" alt=\"\" data-full=\"https:\/\/www.galeris.de\/wp-content\/uploads\/2023\/07\/05-drachenfels2.jpg\" title=\"05-drachenfels2\" crop=\"\" width=\"660\" height=\"495\" src=\"https:\/\/www.galeris.de\/wp-content\/uploads\/2023\/07\/05-drachenfels2-1024x768.jpg\" data-src=\"https:\/\/www.galeris.de\/wp-content\/uploads\/2023\/07\/05-drachenfels2-1024x768.jpg\" data-caption=\"\" srcset=\"https:\/\/www.galeris.de\/wp-content\/uploads\/2023\/07\/05-drachenfels2.jpg 1466w, https:\/\/www.galeris.de\/wp-content\/uploads\/2023\/07\/05-drachenfels2-300x225.jpg 300w, https:\/\/www.galeris.de\/wp-content\/uploads\/2023\/07\/05-drachenfels2-1024x768.jpg 1024w, https:\/\/www.galeris.de\/wp-content\/uploads\/2023\/07\/05-drachenfels2-768x576.jpg 768w, https:\/\/www.galeris.de\/wp-content\/uploads\/2023\/07\/05-drachenfels2-660x495.jpg 660w\" sizes=\"(max-width: 660px) 100vw, 660px\" \/>\n\t\t<div class=\"figc no-description\">\n\t\t\t<div class=\"figc-inner\">\n\t\t\t\t\t\t\t\t\t\t\t\t\t\t\t<\/div>\n\t\t<\/div>\n\n\t<\/div>\n\n<\/div><div class=\"modula-item effect-pufrobo\" >\n\t<div class=\"modula-item-overlay\"><\/div>\n\n\t<div class=\"modula-item-content\">\n\n\t\t<a data-image-id=\"1404\" role=\"button\" tabindex=\"0\" rel=\"jtg-1398\" data-caption=\"\" aria-label=\"Bilder in Lightbox \u00f6ffnen\" class=\"tile-inner modula-item-link\"><\/a><img decoding=\"async\" class=\"pic wp-image-1404\"  data-valign=\"middle\" data-halign=\"center\" alt=\"\" data-full=\"https:\/\/www.galeris.de\/wp-content\/uploads\/2023\/07\/06-drachenfels2.jpg\" title=\"06-drachenfels2\" crop=\"\" width=\"660\" height=\"880\" src=\"https:\/\/www.galeris.de\/wp-content\/uploads\/2023\/07\/06-drachenfels2-768x1024.jpg\" data-src=\"https:\/\/www.galeris.de\/wp-content\/uploads\/2023\/07\/06-drachenfels2-768x1024.jpg\" data-caption=\"\" srcset=\"https:\/\/www.galeris.de\/wp-content\/uploads\/2023\/07\/06-drachenfels2.jpg 1100w, https:\/\/www.galeris.de\/wp-content\/uploads\/2023\/07\/06-drachenfels2-225x300.jpg 225w, https:\/\/www.galeris.de\/wp-content\/uploads\/2023\/07\/06-drachenfels2-768x1024.jpg 768w, https:\/\/www.galeris.de\/wp-content\/uploads\/2023\/07\/06-drachenfels2-660x880.jpg 660w\" sizes=\"(max-width: 660px) 100vw, 660px\" \/>\n\t\t<div class=\"figc no-description\">\n\t\t\t<div class=\"figc-inner\">\n\t\t\t\t\t\t\t\t\t\t\t\t\t\t\t<\/div>\n\t\t<\/div>\n\n\t<\/div>\n\n<\/div><div class=\"modula-item effect-pufrobo\" >\n\t<div class=\"modula-item-overlay\"><\/div>\n\n\t<div class=\"modula-item-content\">\n\n\t\t<a data-image-id=\"1405\" role=\"button\" tabindex=\"0\" rel=\"jtg-1398\" data-caption=\"\" aria-label=\"Bilder in Lightbox \u00f6ffnen\" class=\"tile-inner modula-item-link\"><\/a><img decoding=\"async\" class=\"pic wp-image-1405\"  data-valign=\"middle\" data-halign=\"center\" alt=\"\" data-full=\"https:\/\/www.galeris.de\/wp-content\/uploads\/2023\/07\/07-drachenfels2.jpg\" title=\"07-drachenfels2\" crop=\"\" width=\"660\" height=\"495\" src=\"https:\/\/www.galeris.de\/wp-content\/uploads\/2023\/07\/07-drachenfels2-1024x768.jpg\" data-src=\"https:\/\/www.galeris.de\/wp-content\/uploads\/2023\/07\/07-drachenfels2-1024x768.jpg\" data-caption=\"\" srcset=\"https:\/\/www.galeris.de\/wp-content\/uploads\/2023\/07\/07-drachenfels2.jpg 1466w, https:\/\/www.galeris.de\/wp-content\/uploads\/2023\/07\/07-drachenfels2-300x225.jpg 300w, https:\/\/www.galeris.de\/wp-content\/uploads\/2023\/07\/07-drachenfels2-1024x768.jpg 1024w, https:\/\/www.galeris.de\/wp-content\/uploads\/2023\/07\/07-drachenfels2-768x576.jpg 768w, https:\/\/www.galeris.de\/wp-content\/uploads\/2023\/07\/07-drachenfels2-660x495.jpg 660w\" sizes=\"(max-width: 660px) 100vw, 660px\" \/>\n\t\t<div class=\"figc no-description\">\n\t\t\t<div class=\"figc-inner\">\n\t\t\t\t\t\t\t\t\t\t\t\t\t\t\t<\/div>\n\t\t<\/div>\n\n\t<\/div>\n\n<\/div><div class=\"modula-item effect-pufrobo\" >\n\t<div class=\"modula-item-overlay\"><\/div>\n\n\t<div class=\"modula-item-content\">\n\n\t\t<a data-image-id=\"1406\" role=\"button\" tabindex=\"0\" rel=\"jtg-1398\" data-caption=\"\" aria-label=\"Bilder in Lightbox \u00f6ffnen\" class=\"tile-inner modula-item-link\"><\/a><img decoding=\"async\" class=\"pic wp-image-1406\"  data-valign=\"middle\" data-halign=\"center\" alt=\"\" data-full=\"https:\/\/www.galeris.de\/wp-content\/uploads\/2023\/07\/08-drachenfels2.jpg\" title=\"08-drachenfels2\" crop=\"\" width=\"660\" height=\"880\" src=\"https:\/\/www.galeris.de\/wp-content\/uploads\/2023\/07\/08-drachenfels2-768x1024.jpg\" data-src=\"https:\/\/www.galeris.de\/wp-content\/uploads\/2023\/07\/08-drachenfels2-768x1024.jpg\" data-caption=\"\" srcset=\"https:\/\/www.galeris.de\/wp-content\/uploads\/2023\/07\/08-drachenfels2.jpg 1100w, https:\/\/www.galeris.de\/wp-content\/uploads\/2023\/07\/08-drachenfels2-225x300.jpg 225w, https:\/\/www.galeris.de\/wp-content\/uploads\/2023\/07\/08-drachenfels2-768x1024.jpg 768w, https:\/\/www.galeris.de\/wp-content\/uploads\/2023\/07\/08-drachenfels2-660x880.jpg 660w\" sizes=\"(max-width: 660px) 100vw, 660px\" \/>\n\t\t<div class=\"figc no-description\">\n\t\t\t<div class=\"figc-inner\">\n\t\t\t\t\t\t\t\t\t\t\t\t\t\t\t<\/div>\n\t\t<\/div>\n\n\t<\/div>\n\n<\/div><div class=\"modula-item effect-pufrobo\" >\n\t<div class=\"modula-item-overlay\"><\/div>\n\n\t<div class=\"modula-item-content\">\n\n\t\t<a data-image-id=\"1407\" role=\"button\" tabindex=\"0\" rel=\"jtg-1398\" data-caption=\"\" aria-label=\"Bilder in Lightbox \u00f6ffnen\" class=\"tile-inner modula-item-link\"><\/a><img decoding=\"async\" class=\"pic wp-image-1407\"  data-valign=\"middle\" data-halign=\"center\" alt=\"\" data-full=\"https:\/\/www.galeris.de\/wp-content\/uploads\/2023\/07\/09-drachenfels2.jpg\" title=\"09-drachenfels2\" crop=\"\" width=\"660\" height=\"880\" src=\"https:\/\/www.galeris.de\/wp-content\/uploads\/2023\/07\/09-drachenfels2-768x1024.jpg\" data-src=\"https:\/\/www.galeris.de\/wp-content\/uploads\/2023\/07\/09-drachenfels2-768x1024.jpg\" data-caption=\"\" srcset=\"https:\/\/www.galeris.de\/wp-content\/uploads\/2023\/07\/09-drachenfels2.jpg 1100w, https:\/\/www.galeris.de\/wp-content\/uploads\/2023\/07\/09-drachenfels2-225x300.jpg 225w, https:\/\/www.galeris.de\/wp-content\/uploads\/2023\/07\/09-drachenfels2-768x1024.jpg 768w, https:\/\/www.galeris.de\/wp-content\/uploads\/2023\/07\/09-drachenfels2-660x880.jpg 660w\" sizes=\"(max-width: 660px) 100vw, 660px\" \/>\n\t\t<div class=\"figc no-description\">\n\t\t\t<div class=\"figc-inner\">\n\t\t\t\t\t\t\t\t\t\t\t\t\t\t\t<\/div>\n\t\t<\/div>\n\n\t<\/div>\n\n<\/div><div class=\"modula-item effect-pufrobo\" >\n\t<div class=\"modula-item-overlay\"><\/div>\n\n\t<div class=\"modula-item-content\">\n\n\t\t<a data-image-id=\"1408\" role=\"button\" tabindex=\"0\" rel=\"jtg-1398\" data-caption=\"\" aria-label=\"Bilder in Lightbox \u00f6ffnen\" class=\"tile-inner modula-item-link\"><\/a><img decoding=\"async\" class=\"pic wp-image-1408\"  data-valign=\"middle\" data-halign=\"center\" alt=\"\" data-full=\"https:\/\/www.galeris.de\/wp-content\/uploads\/2023\/07\/10-drachenfels2.jpg\" title=\"10-drachenfels2\" crop=\"\" width=\"660\" height=\"880\" src=\"https:\/\/www.galeris.de\/wp-content\/uploads\/2023\/07\/10-drachenfels2-768x1024.jpg\" data-src=\"https:\/\/www.galeris.de\/wp-content\/uploads\/2023\/07\/10-drachenfels2-768x1024.jpg\" data-caption=\"\" srcset=\"https:\/\/www.galeris.de\/wp-content\/uploads\/2023\/07\/10-drachenfels2.jpg 1100w, https:\/\/www.galeris.de\/wp-content\/uploads\/2023\/07\/10-drachenfels2-225x300.jpg 225w, https:\/\/www.galeris.de\/wp-content\/uploads\/2023\/07\/10-drachenfels2-768x1024.jpg 768w, https:\/\/www.galeris.de\/wp-content\/uploads\/2023\/07\/10-drachenfels2-660x880.jpg 660w\" sizes=\"(max-width: 660px) 100vw, 660px\" \/>\n\t\t<div class=\"figc no-description\">\n\t\t\t<div class=\"figc-inner\">\n\t\t\t\t\t\t\t\t\t\t\t\t\t\t\t<\/div>\n\t\t<\/div>\n\n\t<\/div>\n\n<\/div><div class=\"modula-item effect-pufrobo\" >\n\t<div class=\"modula-item-overlay\"><\/div>\n\n\t<div class=\"modula-item-content\">\n\n\t\t<a data-image-id=\"1409\" role=\"button\" tabindex=\"0\" rel=\"jtg-1398\" data-caption=\"\" aria-label=\"Bilder in Lightbox \u00f6ffnen\" class=\"tile-inner modula-item-link\"><\/a><img decoding=\"async\" class=\"pic wp-image-1409\"  data-valign=\"middle\" data-halign=\"center\" alt=\"\" data-full=\"https:\/\/www.galeris.de\/wp-content\/uploads\/2023\/07\/11-drachenfels2.jpg\" title=\"11-drachenfels2\" crop=\"\" width=\"660\" height=\"880\" src=\"https:\/\/www.galeris.de\/wp-content\/uploads\/2023\/07\/11-drachenfels2-768x1024.jpg\" data-src=\"https:\/\/www.galeris.de\/wp-content\/uploads\/2023\/07\/11-drachenfels2-768x1024.jpg\" data-caption=\"\" srcset=\"https:\/\/www.galeris.de\/wp-content\/uploads\/2023\/07\/11-drachenfels2.jpg 1100w, https:\/\/www.galeris.de\/wp-content\/uploads\/2023\/07\/11-drachenfels2-225x300.jpg 225w, https:\/\/www.galeris.de\/wp-content\/uploads\/2023\/07\/11-drachenfels2-768x1024.jpg 768w, https:\/\/www.galeris.de\/wp-content\/uploads\/2023\/07\/11-drachenfels2-660x880.jpg 660w\" sizes=\"(max-width: 660px) 100vw, 660px\" \/>\n\t\t<div class=\"figc no-description\">\n\t\t\t<div class=\"figc-inner\">\n\t\t\t\t\t\t\t\t\t\t\t\t\t\t\t<\/div>\n\t\t<\/div>\n\n\t<\/div>\n\n<\/div><div class=\"modula-item effect-pufrobo\" >\n\t<div class=\"modula-item-overlay\"><\/div>\n\n\t<div class=\"modula-item-content\">\n\n\t\t<a data-image-id=\"1410\" role=\"button\" tabindex=\"0\" rel=\"jtg-1398\" data-caption=\"\" aria-label=\"Bilder in Lightbox \u00f6ffnen\" class=\"tile-inner modula-item-link\"><\/a><img decoding=\"async\" class=\"pic wp-image-1410\"  data-valign=\"middle\" data-halign=\"center\" alt=\"\" data-full=\"https:\/\/www.galeris.de\/wp-content\/uploads\/2023\/07\/12-drachenfels2.jpg\" title=\"12-drachenfels2\" crop=\"\" width=\"660\" height=\"880\" src=\"https:\/\/www.galeris.de\/wp-content\/uploads\/2023\/07\/12-drachenfels2-768x1024.jpg\" data-src=\"https:\/\/www.galeris.de\/wp-content\/uploads\/2023\/07\/12-drachenfels2-768x1024.jpg\" data-caption=\"\" srcset=\"https:\/\/www.galeris.de\/wp-content\/uploads\/2023\/07\/12-drachenfels2.jpg 1100w, https:\/\/www.galeris.de\/wp-content\/uploads\/2023\/07\/12-drachenfels2-225x300.jpg 225w, https:\/\/www.galeris.de\/wp-content\/uploads\/2023\/07\/12-drachenfels2-768x1024.jpg 768w, https:\/\/www.galeris.de\/wp-content\/uploads\/2023\/07\/12-drachenfels2-660x880.jpg 660w\" sizes=\"(max-width: 660px) 100vw, 660px\" \/>\n\t\t<div class=\"figc no-description\">\n\t\t\t<div class=\"figc-inner\">\n\t\t\t\t\t\t\t\t\t\t\t\t\t\t\t<\/div>\n\t\t<\/div>\n\n\t<\/div>\n\n<\/div><div class=\"modula-item effect-pufrobo\" >\n\t<div class=\"modula-item-overlay\"><\/div>\n\n\t<div class=\"modula-item-content\">\n\n\t\t<a data-image-id=\"1411\" role=\"button\" tabindex=\"0\" rel=\"jtg-1398\" data-caption=\"\" aria-label=\"Bilder in Lightbox \u00f6ffnen\" class=\"tile-inner modula-item-link\"><\/a><img decoding=\"async\" class=\"pic wp-image-1411\"  data-valign=\"middle\" data-halign=\"center\" alt=\"\" data-full=\"https:\/\/www.galeris.de\/wp-content\/uploads\/2023\/07\/13-drachenfels2.jpg\" title=\"13-drachenfels2\" crop=\"\" width=\"660\" height=\"880\" src=\"https:\/\/www.galeris.de\/wp-content\/uploads\/2023\/07\/13-drachenfels2-768x1024.jpg\" data-src=\"https:\/\/www.galeris.de\/wp-content\/uploads\/2023\/07\/13-drachenfels2-768x1024.jpg\" data-caption=\"\" srcset=\"https:\/\/www.galeris.de\/wp-content\/uploads\/2023\/07\/13-drachenfels2.jpg 1100w, https:\/\/www.galeris.de\/wp-content\/uploads\/2023\/07\/13-drachenfels2-225x300.jpg 225w, https:\/\/www.galeris.de\/wp-content\/uploads\/2023\/07\/13-drachenfels2-768x1024.jpg 768w, https:\/\/www.galeris.de\/wp-content\/uploads\/2023\/07\/13-drachenfels2-660x880.jpg 660w\" sizes=\"(max-width: 660px) 100vw, 660px\" \/>\n\t\t<div class=\"figc no-description\">\n\t\t\t<div class=\"figc-inner\">\n\t\t\t\t\t\t\t\t\t\t\t\t\t\t\t<\/div>\n\t\t<\/div>\n\n\t<\/div>\n\n<\/div><div class=\"modula-item effect-pufrobo\" >\n\t<div class=\"modula-item-overlay\"><\/div>\n\n\t<div class=\"modula-item-content\">\n\n\t\t<a data-image-id=\"1412\" role=\"button\" tabindex=\"0\" rel=\"jtg-1398\" data-caption=\"\" aria-label=\"Bilder in Lightbox \u00f6ffnen\" class=\"tile-inner modula-item-link\"><\/a><img decoding=\"async\" class=\"pic wp-image-1412\"  data-valign=\"middle\" data-halign=\"center\" alt=\"\" data-full=\"https:\/\/www.galeris.de\/wp-content\/uploads\/2023\/07\/14-drachenfels2.jpg\" title=\"14-drachenfels2\" crop=\"\" width=\"660\" height=\"495\" src=\"https:\/\/www.galeris.de\/wp-content\/uploads\/2023\/07\/14-drachenfels2-1024x768.jpg\" data-src=\"https:\/\/www.galeris.de\/wp-content\/uploads\/2023\/07\/14-drachenfels2-1024x768.jpg\" data-caption=\"\" srcset=\"https:\/\/www.galeris.de\/wp-content\/uploads\/2023\/07\/14-drachenfels2.jpg 1466w, https:\/\/www.galeris.de\/wp-content\/uploads\/2023\/07\/14-drachenfels2-300x225.jpg 300w, https:\/\/www.galeris.de\/wp-content\/uploads\/2023\/07\/14-drachenfels2-1024x768.jpg 1024w, https:\/\/www.galeris.de\/wp-content\/uploads\/2023\/07\/14-drachenfels2-768x576.jpg 768w, https:\/\/www.galeris.de\/wp-content\/uploads\/2023\/07\/14-drachenfels2-660x495.jpg 660w\" sizes=\"(max-width: 660px) 100vw, 660px\" \/>\n\t\t<div class=\"figc no-description\">\n\t\t\t<div class=\"figc-inner\">\n\t\t\t\t\t\t\t\t\t\t\t\t\t\t\t<\/div>\n\t\t<\/div>\n\n\t<\/div>\n\n<\/div>\t\t\n\t<\/div>\n\n\t\n\t\n\t<script type=\"application\/ld+json\">\n\t{\n\t\t\"@context\": \"https:\/\/schema.org\",\n\t\t\"@type\"   : \"ImageGallery\",\n\t\t\"id\"      : \"https:\/\/www.galeris.de\/index.php\/kurztrips\/drachenfels-bei-dahn\/#modula-gallery-1398\",\n\t\t\"url\"     : \"https:\/\/www.galeris.de\/index.php\/kurztrips\/drachenfels-bei-dahn\/\"\n\t}\n\n\t<\/script>\n\n\t\n<\/div>\n<\/p>\n<p>&nbsp;<\/p>\n<p>&nbsp;<\/p>\n","protected":false},"excerpt":{"rendered":"<p>Bei sch\u00f6nstem Wetter machen Marion und ich von der Bergstrasse aus einen Trip ins Dahner Felsenland. F\u00fcr uns ist es trotz der relativen N\u00e4he noch ein weisser Fleck auf der Landkarte. Vor vielen Jahren waren wir einmal hier in der<\/p>\n","protected":false},"author":1,"featured_media":0,"parent":1396,"menu_order":0,"comment_status":"closed","ping_status":"closed","template":"","meta":{"footnotes":""},"class_list":["post-1464","page","type-page","status-publish","hentry"],"_links":{"self":[{"href":"https:\/\/www.galeris.de\/index.php\/wp-json\/wp\/v2\/pages\/1464","targetHints":{"allow":["GET"]}}],"collection":[{"href":"https:\/\/www.galeris.de\/index.php\/wp-json\/wp\/v2\/pages"}],"about":[{"href":"https:\/\/www.galeris.de\/index.php\/wp-json\/wp\/v2\/types\/page"}],"author":[{"embeddable":true,"href":"https:\/\/www.galeris.de\/index.php\/wp-json\/wp\/v2\/users\/1"}],"replies":[{"embeddable":true,"href":"https:\/\/www.galeris.de\/index.php\/wp-json\/wp\/v2\/comments?post=1464"}],"version-history":[{"count":7,"href":"https:\/\/www.galeris.de\/index.php\/wp-json\/wp\/v2\/pages\/1464\/revisions"}],"predecessor-version":[{"id":1595,"href":"https:\/\/www.galeris.de\/index.php\/wp-json\/wp\/v2\/pages\/1464\/revisions\/1595"}],"up":[{"embeddable":true,"href":"https:\/\/www.galeris.de\/index.php\/wp-json\/wp\/v2\/pages\/1396"}],"wp:attachment":[{"href":"https:\/\/www.galeris.de\/index.php\/wp-json\/wp\/v2\/media?parent=1464"}],"curies":[{"name":"wp","href":"https:\/\/api.w.org\/{rel}","templated":true}]}}