{"id":1465,"date":"2023-07-09T13:35:41","date_gmt":"2023-07-09T11:35:41","guid":{"rendered":"https:\/\/www.galeris.de\/?page_id=1465"},"modified":"2023-07-14T19:59:12","modified_gmt":"2023-07-14T17:59:12","slug":"2023-weinheim","status":"publish","type":"page","link":"https:\/\/www.galeris.de\/index.php\/kurztrips\/2023-weinheim\/","title":{"rendered":"Juni 23 \u2013 Weinheim"},"content":{"rendered":"<p>Wir haben sch\u00f6nes Wetter an unserem 36. Hochzeitstag. Vormittags fahren wir \u00fcber die A5 nach Weinheim und besuchen den im Zentrum gelegenen malerischen Schlosspark. Wie immer, treibt es uns zuerst zur Voliere mit den Wellen- und Nymphensittichen. Nur wenige Meter vom Schlosspark entfernt liegt der uns bis dahin unbekannte Schau- und Sichtungsgarten Hermannshof. Hier bleiben wir fast eine Stunde lang. Zuletzt bummeln wir durch die Altstadt und g\u00f6nnen uns Kaffee und Kuchen in der &#8222;Panaderia&#8220;. W\u00e4hrend der R\u00fcckfahrt\u00a0 ist es sehr heiss im Auto. Marion l\u00e4sst sich dennoch nicht davon abhalten, am Nachmittag bei grosser Hitze ins Tierheim zu fahren.<\/p>\n<p><a href=\"https:\/\/sichtungsgarten-hermannshof.de\/\">https:\/\/sichtungsgarten-hermannshof.de\/<\/a><\/p>\n<div  id=\"jtg-1421\" class=\"modula modula-gallery modula-creative-gallery\" data-config=\"{&quot;height&quot;:800,&quot;tabletHeight&quot;:800,&quot;mobileHeight&quot;:800,&quot;desktopHeight&quot;:800,&quot;enableTwitter&quot;:false,&quot;enableWhatsapp&quot;:false,&quot;enableFacebook&quot;:false,&quot;enablePinterest&quot;:false,&quot;enableLinkedin&quot;:false,&quot;enableEmail&quot;:false,&quot;randomFactor&quot;:0.5,&quot;type&quot;:&quot;creative-gallery&quot;,&quot;columns&quot;:12,&quot;gutter&quot;:10,&quot;mobileGutter&quot;:10,&quot;tabletGutter&quot;:10,&quot;desktopGutter&quot;:10,&quot;enableResponsive&quot;:&quot;0&quot;,&quot;tabletColumns&quot;:&quot;2&quot;,&quot;mobileColumns&quot;:&quot;1&quot;,&quot;lazyLoad&quot;:0,&quot;lightboxOpts&quot;:{&quot;animated&quot;:true,&quot;Thumbs&quot;:{&quot;type&quot;:&quot;modern&quot;,&quot;showOnStart&quot;:false},&quot;Toolbar&quot;:{&quot;display&quot;:{&quot;right&quot;:[&quot;close&quot;]},&quot;enabled&quot;:true},&quot;Carousel&quot;:{&quot;Panzoom&quot;:{&quot;touch&quot;:true},&quot;infinite&quot;:false},&quot;keyboard&quot;:{&quot;Escape&quot;:&quot;close&quot;,&quot;Delete&quot;:&quot;close&quot;,&quot;Backspace&quot;:&quot;close&quot;,&quot;PageUp&quot;:false,&quot;PageDown&quot;:false,&quot;ArrowUp&quot;:false,&quot;ArrowDown&quot;:false,&quot;ArrowRight&quot;:false,&quot;ArrowLeft&quot;:false},&quot;touch&quot;:false,&quot;backdropClick&quot;:false,&quot;l10n&quot;:{&quot;CLOSE&quot;:&quot;Schlie\\u00dfen&quot;,&quot;NEXT&quot;:&quot;Weiter&quot;,&quot;PREV&quot;:&quot;Zur\\u00fcck&quot;,&quot;Error&quot;:&quot;Der angeforderte Inhalt kann nicht geladen werden. Bitte versuche es sp\\u00e4ter noch einmal.&quot;,&quot;PLAY_START&quot;:&quot;Slideshow starten&quot;,&quot;PLAY_STOP&quot;:&quot;Slideshow anhalten&quot;,&quot;FULL_SCREEN&quot;:&quot;Vollbild&quot;,&quot;THUMBS&quot;:&quot;Vorschaubilder&quot;,&quot;DOWNLOAD&quot;:&quot;Download&quot;,&quot;SHARE&quot;:&quot;Teilen&quot;,&quot;ZOOM&quot;:&quot;Vergr\\u00f6\\u00dfern&quot;,&quot;EMAIL&quot;:&quot;Hier ist der Link zum Bild: %%image_link%% und hier ist der Link zur Galerie: %%gallery_link%%&quot;,&quot;MODAL&quot;:&quot;Du kannst diesen Modal-Inhalt mit der ESC-Taste schlie\\u00dfen&quot;,&quot;ERROR&quot;:&quot;Es ist ein Fehler aufgetreten. Bitte versuche es sp\\u00e4ter noch einmal&quot;,&quot;IMAGE_ERROR&quot;:&quot;Bild nicht gefunden&quot;,&quot;ELEMENT_NOT_FOUND&quot;:&quot;HTML-Element nicht gefunden&quot;,&quot;AJAX_NOT_FOUND&quot;:&quot;Fehler beim Laden von AJAX: Nicht gefunden&quot;,&quot;AJAX_FORBIDDEN&quot;:&quot;Fehler beim Laden von AJAX: Zugriff verweigert&quot;,&quot;IFRAME_ERROR&quot;:&quot;Fehler beim Laden der Seite&quot;,&quot;TOGGLE_ZOOM&quot;:&quot;Zoomstufe umschalten&quot;,&quot;TOGGLE_THUMBS&quot;:&quot;Miniaturansichten ein-\\\/ausblenden&quot;,&quot;TOGGLE_SLIDESHOW&quot;:&quot;Diashow ein-\\\/ausschalten&quot;,&quot;TOGGLE_FULLSCREEN&quot;:&quot;Vollbildmodus umschalten&quot;},&quot;Images&quot;:{&quot;Panzoom&quot;:{&quot;maxScale&quot;:2}},&quot;mainClass&quot;:&quot;modula-fancybox-container modula-lightbox-jtg-1421&quot;,&quot;Html&quot;:{&quot;videoAutoplay&quot;:0,&quot;videoTpl&quot;:&quot;&lt;video class=\\&quot;fancybox__html5video\\&quot; controls muted playsinline controlsList controlsList=\\&quot;nodownload\\&quot; poster=\\&quot;{{poster}}\\&quot; src=\\&quot;{{src}}\\&quot; type=\\&quot;{{format}}\\&quot; &gt;  Sorry, your browser doesn&#039;t support embedded videos, &lt;a href=\\&quot;{{src}}\\&quot;&gt; download &lt;\\\/a&gt; and watch with your favorite video player! &lt;\\\/video&gt;&quot;}},&quot;inView&quot;:false,&quot;email_subject&quot;:&quot;Check out this awesome image !!&quot;,&quot;email_message&quot;:&quot;Here is the link to the image : %%image_link%% and this is the link to the gallery : %%gallery_link%%&quot;,&quot;lightbox&quot;:&quot;fancybox&quot;}\">\n\n\t\n\t<div  class=\"modula-items\">\n\t\t<div class=\"modula-item effect-pufrobo\" >\n\t<div class=\"modula-item-overlay\"><\/div>\n\n\t<div class=\"modula-item-content\">\n\n\t\t<a data-image-id=\"1435\" role=\"button\" tabindex=\"0\" rel=\"jtg-1421\" data-caption=\"\" aria-label=\"Bilder in Lightbox \u00f6ffnen\" class=\"tile-inner modula-item-link\"><\/a><img decoding=\"async\" class=\"pic wp-image-1435\"  data-valign=\"middle\" data-halign=\"center\" alt=\"\" data-full=\"https:\/\/www.galeris.de\/wp-content\/uploads\/2023\/07\/11.jpg\" title=\"11\" crop=\"\" width=\"300\" height=\"200\" src=\"https:\/\/www.galeris.de\/wp-content\/uploads\/2023\/07\/11-300x200.jpg\" data-src=\"https:\/\/www.galeris.de\/wp-content\/uploads\/2023\/07\/11-300x200.jpg\" data-caption=\"\" srcset=\"https:\/\/www.galeris.de\/wp-content\/uploads\/2023\/07\/11.jpg 1650w, https:\/\/www.galeris.de\/wp-content\/uploads\/2023\/07\/11-300x200.jpg 300w, https:\/\/www.galeris.de\/wp-content\/uploads\/2023\/07\/11-1024x683.jpg 1024w, https:\/\/www.galeris.de\/wp-content\/uploads\/2023\/07\/11-768x512.jpg 768w, https:\/\/www.galeris.de\/wp-content\/uploads\/2023\/07\/11-1536x1024.jpg 1536w\" sizes=\"(max-width: 300px) 100vw, 300px\" \/>\n\t\t<div class=\"figc no-description\">\n\t\t\t<div class=\"figc-inner\">\n\t\t\t\t\t\t\t\t\t\t\t\t\t\t\t<\/div>\n\t\t<\/div>\n\n\t<\/div>\n\n<\/div><div class=\"modula-item effect-pufrobo\" >\n\t<div class=\"modula-item-overlay\"><\/div>\n\n\t<div class=\"modula-item-content\">\n\n\t\t<a data-image-id=\"1436\" role=\"button\" tabindex=\"0\" rel=\"jtg-1421\" data-caption=\"\" aria-label=\"Bilder in Lightbox \u00f6ffnen\" class=\"tile-inner modula-item-link\"><\/a><img decoding=\"async\" class=\"pic wp-image-1436\"  data-valign=\"middle\" data-halign=\"center\" alt=\"\" data-full=\"https:\/\/www.galeris.de\/wp-content\/uploads\/2023\/07\/12.jpg\" title=\"12\" crop=\"\" width=\"300\" height=\"200\" src=\"https:\/\/www.galeris.de\/wp-content\/uploads\/2023\/07\/12-300x200.jpg\" data-src=\"https:\/\/www.galeris.de\/wp-content\/uploads\/2023\/07\/12-300x200.jpg\" data-caption=\"\" srcset=\"https:\/\/www.galeris.de\/wp-content\/uploads\/2023\/07\/12.jpg 1650w, https:\/\/www.galeris.de\/wp-content\/uploads\/2023\/07\/12-300x200.jpg 300w, https:\/\/www.galeris.de\/wp-content\/uploads\/2023\/07\/12-1024x683.jpg 1024w, https:\/\/www.galeris.de\/wp-content\/uploads\/2023\/07\/12-768x512.jpg 768w, https:\/\/www.galeris.de\/wp-content\/uploads\/2023\/07\/12-1536x1024.jpg 1536w\" sizes=\"(max-width: 300px) 100vw, 300px\" \/>\n\t\t<div class=\"figc no-description\">\n\t\t\t<div class=\"figc-inner\">\n\t\t\t\t\t\t\t\t\t\t\t\t\t\t\t<\/div>\n\t\t<\/div>\n\n\t<\/div>\n\n<\/div><div class=\"modula-item effect-pufrobo\" >\n\t<div class=\"modula-item-overlay\"><\/div>\n\n\t<div class=\"modula-item-content\">\n\n\t\t<a data-image-id=\"1437\" role=\"button\" tabindex=\"0\" rel=\"jtg-1421\" data-caption=\"\" aria-label=\"Bilder in Lightbox \u00f6ffnen\" class=\"tile-inner modula-item-link\"><\/a><img decoding=\"async\" class=\"pic wp-image-1437\"  data-valign=\"middle\" data-halign=\"center\" alt=\"\" data-full=\"https:\/\/www.galeris.de\/wp-content\/uploads\/2023\/07\/13.jpg\" title=\"13\" crop=\"\" width=\"300\" height=\"200\" src=\"https:\/\/www.galeris.de\/wp-content\/uploads\/2023\/07\/13-300x200.jpg\" data-src=\"https:\/\/www.galeris.de\/wp-content\/uploads\/2023\/07\/13-300x200.jpg\" data-caption=\"\" srcset=\"https:\/\/www.galeris.de\/wp-content\/uploads\/2023\/07\/13.jpg 1650w, https:\/\/www.galeris.de\/wp-content\/uploads\/2023\/07\/13-300x200.jpg 300w, https:\/\/www.galeris.de\/wp-content\/uploads\/2023\/07\/13-1024x683.jpg 1024w, https:\/\/www.galeris.de\/wp-content\/uploads\/2023\/07\/13-768x512.jpg 768w, https:\/\/www.galeris.de\/wp-content\/uploads\/2023\/07\/13-1536x1024.jpg 1536w\" sizes=\"(max-width: 300px) 100vw, 300px\" \/>\n\t\t<div class=\"figc no-description\">\n\t\t\t<div class=\"figc-inner\">\n\t\t\t\t\t\t\t\t\t\t\t\t\t\t\t<\/div>\n\t\t<\/div>\n\n\t<\/div>\n\n<\/div><div class=\"modula-item effect-pufrobo\" >\n\t<div class=\"modula-item-overlay\"><\/div>\n\n\t<div class=\"modula-item-content\">\n\n\t\t<a data-image-id=\"1438\" role=\"button\" tabindex=\"0\" rel=\"jtg-1421\" data-caption=\"\" aria-label=\"Bilder in Lightbox \u00f6ffnen\" class=\"tile-inner modula-item-link\"><\/a><img decoding=\"async\" class=\"pic wp-image-1438\"  data-valign=\"middle\" data-halign=\"center\" alt=\"\" data-full=\"https:\/\/www.galeris.de\/wp-content\/uploads\/2023\/07\/14.jpg\" title=\"14\" crop=\"\" width=\"300\" height=\"200\" src=\"https:\/\/www.galeris.de\/wp-content\/uploads\/2023\/07\/14-300x200.jpg\" data-src=\"https:\/\/www.galeris.de\/wp-content\/uploads\/2023\/07\/14-300x200.jpg\" data-caption=\"\" srcset=\"https:\/\/www.galeris.de\/wp-content\/uploads\/2023\/07\/14.jpg 1650w, https:\/\/www.galeris.de\/wp-content\/uploads\/2023\/07\/14-300x200.jpg 300w, https:\/\/www.galeris.de\/wp-content\/uploads\/2023\/07\/14-1024x683.jpg 1024w, https:\/\/www.galeris.de\/wp-content\/uploads\/2023\/07\/14-768x512.jpg 768w, https:\/\/www.galeris.de\/wp-content\/uploads\/2023\/07\/14-1536x1024.jpg 1536w\" sizes=\"(max-width: 300px) 100vw, 300px\" \/>\n\t\t<div class=\"figc no-description\">\n\t\t\t<div class=\"figc-inner\">\n\t\t\t\t\t\t\t\t\t\t\t\t\t\t\t<\/div>\n\t\t<\/div>\n\n\t<\/div>\n\n<\/div><div class=\"modula-item effect-pufrobo\" >\n\t<div class=\"modula-item-overlay\"><\/div>\n\n\t<div class=\"modula-item-content\">\n\n\t\t<a data-image-id=\"1439\" role=\"button\" tabindex=\"0\" rel=\"jtg-1421\" data-caption=\"\" aria-label=\"Bilder in Lightbox \u00f6ffnen\" class=\"tile-inner modula-item-link\"><\/a><img decoding=\"async\" class=\"pic wp-image-1439\"  data-valign=\"middle\" data-halign=\"center\" alt=\"\" data-full=\"https:\/\/www.galeris.de\/wp-content\/uploads\/2023\/07\/15.jpg\" title=\"15\" crop=\"\" width=\"300\" height=\"200\" src=\"https:\/\/www.galeris.de\/wp-content\/uploads\/2023\/07\/15-300x200.jpg\" data-src=\"https:\/\/www.galeris.de\/wp-content\/uploads\/2023\/07\/15-300x200.jpg\" data-caption=\"\" srcset=\"https:\/\/www.galeris.de\/wp-content\/uploads\/2023\/07\/15.jpg 1650w, https:\/\/www.galeris.de\/wp-content\/uploads\/2023\/07\/15-300x200.jpg 300w, https:\/\/www.galeris.de\/wp-content\/uploads\/2023\/07\/15-1024x683.jpg 1024w, https:\/\/www.galeris.de\/wp-content\/uploads\/2023\/07\/15-768x512.jpg 768w, https:\/\/www.galeris.de\/wp-content\/uploads\/2023\/07\/15-1536x1024.jpg 1536w\" sizes=\"(max-width: 300px) 100vw, 300px\" \/>\n\t\t<div class=\"figc no-description\">\n\t\t\t<div class=\"figc-inner\">\n\t\t\t\t\t\t\t\t\t\t\t\t\t\t\t<\/div>\n\t\t<\/div>\n\n\t<\/div>\n\n<\/div><div class=\"modula-item effect-pufrobo\" >\n\t<div class=\"modula-item-overlay\"><\/div>\n\n\t<div class=\"modula-item-content\">\n\n\t\t<a data-image-id=\"1440\" role=\"button\" tabindex=\"0\" rel=\"jtg-1421\" data-caption=\"\" aria-label=\"Bilder in Lightbox \u00f6ffnen\" class=\"tile-inner modula-item-link\"><\/a><img decoding=\"async\" class=\"pic wp-image-1440\"  data-valign=\"middle\" data-halign=\"center\" alt=\"\" data-full=\"https:\/\/www.galeris.de\/wp-content\/uploads\/2023\/07\/16.jpg\" title=\"16\" crop=\"\" width=\"300\" height=\"200\" src=\"https:\/\/www.galeris.de\/wp-content\/uploads\/2023\/07\/16-300x200.jpg\" data-src=\"https:\/\/www.galeris.de\/wp-content\/uploads\/2023\/07\/16-300x200.jpg\" data-caption=\"\" srcset=\"https:\/\/www.galeris.de\/wp-content\/uploads\/2023\/07\/16.jpg 1650w, https:\/\/www.galeris.de\/wp-content\/uploads\/2023\/07\/16-300x200.jpg 300w, https:\/\/www.galeris.de\/wp-content\/uploads\/2023\/07\/16-1024x683.jpg 1024w, https:\/\/www.galeris.de\/wp-content\/uploads\/2023\/07\/16-768x512.jpg 768w, https:\/\/www.galeris.de\/wp-content\/uploads\/2023\/07\/16-1536x1024.jpg 1536w\" sizes=\"(max-width: 300px) 100vw, 300px\" \/>\n\t\t<div class=\"figc no-description\">\n\t\t\t<div class=\"figc-inner\">\n\t\t\t\t\t\t\t\t\t\t\t\t\t\t\t<\/div>\n\t\t<\/div>\n\n\t<\/div>\n\n<\/div><div class=\"modula-item effect-pufrobo\" >\n\t<div class=\"modula-item-overlay\"><\/div>\n\n\t<div class=\"modula-item-content\">\n\n\t\t<a data-image-id=\"1441\" role=\"button\" tabindex=\"0\" rel=\"jtg-1421\" data-caption=\"\" aria-label=\"Bilder in Lightbox \u00f6ffnen\" class=\"tile-inner modula-item-link\"><\/a><img decoding=\"async\" class=\"pic wp-image-1441\"  data-valign=\"middle\" data-halign=\"center\" alt=\"\" data-full=\"https:\/\/www.galeris.de\/wp-content\/uploads\/2023\/07\/17.jpg\" title=\"17\" crop=\"\" width=\"300\" height=\"225\" src=\"https:\/\/www.galeris.de\/wp-content\/uploads\/2023\/07\/17-300x225.jpg\" data-src=\"https:\/\/www.galeris.de\/wp-content\/uploads\/2023\/07\/17-300x225.jpg\" data-caption=\"\" srcset=\"https:\/\/www.galeris.de\/wp-content\/uploads\/2023\/07\/17.jpg 1467w, https:\/\/www.galeris.de\/wp-content\/uploads\/2023\/07\/17-300x225.jpg 300w, https:\/\/www.galeris.de\/wp-content\/uploads\/2023\/07\/17-1024x768.jpg 1024w, https:\/\/www.galeris.de\/wp-content\/uploads\/2023\/07\/17-768x576.jpg 768w\" sizes=\"(max-width: 300px) 100vw, 300px\" \/>\n\t\t<div class=\"figc no-description\">\n\t\t\t<div class=\"figc-inner\">\n\t\t\t\t\t\t\t\t\t\t\t\t\t\t\t<\/div>\n\t\t<\/div>\n\n\t<\/div>\n\n<\/div><div class=\"modula-item effect-pufrobo\" >\n\t<div class=\"modula-item-overlay\"><\/div>\n\n\t<div class=\"modula-item-content\">\n\n\t\t<a data-image-id=\"1442\" role=\"button\" tabindex=\"0\" rel=\"jtg-1421\" data-caption=\"\" aria-label=\"Bilder in Lightbox \u00f6ffnen\" class=\"tile-inner modula-item-link\"><\/a><img decoding=\"async\" class=\"pic wp-image-1442\"  data-valign=\"middle\" data-halign=\"center\" alt=\"\" data-full=\"https:\/\/www.galeris.de\/wp-content\/uploads\/2023\/07\/18.jpg\" title=\"18\" crop=\"\" width=\"300\" height=\"225\" src=\"https:\/\/www.galeris.de\/wp-content\/uploads\/2023\/07\/18-300x225.jpg\" data-src=\"https:\/\/www.galeris.de\/wp-content\/uploads\/2023\/07\/18-300x225.jpg\" data-caption=\"\" srcset=\"https:\/\/www.galeris.de\/wp-content\/uploads\/2023\/07\/18.jpg 1467w, https:\/\/www.galeris.de\/wp-content\/uploads\/2023\/07\/18-300x225.jpg 300w, https:\/\/www.galeris.de\/wp-content\/uploads\/2023\/07\/18-1024x768.jpg 1024w, https:\/\/www.galeris.de\/wp-content\/uploads\/2023\/07\/18-768x576.jpg 768w\" sizes=\"(max-width: 300px) 100vw, 300px\" \/>\n\t\t<div class=\"figc no-description\">\n\t\t\t<div class=\"figc-inner\">\n\t\t\t\t\t\t\t\t\t\t\t\t\t\t\t<\/div>\n\t\t<\/div>\n\n\t<\/div>\n\n<\/div><div class=\"modula-item effect-pufrobo\" >\n\t<div class=\"modula-item-overlay\"><\/div>\n\n\t<div class=\"modula-item-content\">\n\n\t\t<a data-image-id=\"1443\" role=\"button\" tabindex=\"0\" rel=\"jtg-1421\" data-caption=\"\" aria-label=\"Bilder in Lightbox \u00f6ffnen\" class=\"tile-inner modula-item-link\"><\/a><img decoding=\"async\" class=\"pic wp-image-1443\"  data-valign=\"middle\" data-halign=\"center\" alt=\"\" data-full=\"https:\/\/www.galeris.de\/wp-content\/uploads\/2023\/07\/19.jpg\" title=\"19\" crop=\"\" width=\"225\" height=\"300\" src=\"https:\/\/www.galeris.de\/wp-content\/uploads\/2023\/07\/19-225x300.jpg\" data-src=\"https:\/\/www.galeris.de\/wp-content\/uploads\/2023\/07\/19-225x300.jpg\" data-caption=\"\" srcset=\"https:\/\/www.galeris.de\/wp-content\/uploads\/2023\/07\/19.jpg 1100w, https:\/\/www.galeris.de\/wp-content\/uploads\/2023\/07\/19-225x300.jpg 225w, https:\/\/www.galeris.de\/wp-content\/uploads\/2023\/07\/19-768x1024.jpg 768w\" sizes=\"(max-width: 225px) 100vw, 225px\" \/>\n\t\t<div class=\"figc no-description\">\n\t\t\t<div class=\"figc-inner\">\n\t\t\t\t\t\t\t\t\t\t\t\t\t\t\t<\/div>\n\t\t<\/div>\n\n\t<\/div>\n\n<\/div><div class=\"modula-item effect-pufrobo\" >\n\t<div class=\"modula-item-overlay\"><\/div>\n\n\t<div class=\"modula-item-content\">\n\n\t\t<a data-image-id=\"1444\" role=\"button\" tabindex=\"0\" rel=\"jtg-1421\" data-caption=\"\" aria-label=\"Bilder in Lightbox \u00f6ffnen\" class=\"tile-inner modula-item-link\"><\/a><img decoding=\"async\" class=\"pic wp-image-1444\"  data-valign=\"middle\" data-halign=\"center\" alt=\"\" data-full=\"https:\/\/www.galeris.de\/wp-content\/uploads\/2023\/07\/20.jpg\" title=\"20\" crop=\"\" width=\"300\" height=\"225\" src=\"https:\/\/www.galeris.de\/wp-content\/uploads\/2023\/07\/20-300x225.jpg\" data-src=\"https:\/\/www.galeris.de\/wp-content\/uploads\/2023\/07\/20-300x225.jpg\" data-caption=\"\" srcset=\"https:\/\/www.galeris.de\/wp-content\/uploads\/2023\/07\/20.jpg 1466w, https:\/\/www.galeris.de\/wp-content\/uploads\/2023\/07\/20-300x225.jpg 300w, https:\/\/www.galeris.de\/wp-content\/uploads\/2023\/07\/20-1024x768.jpg 1024w, https:\/\/www.galeris.de\/wp-content\/uploads\/2023\/07\/20-768x576.jpg 768w\" sizes=\"(max-width: 300px) 100vw, 300px\" \/>\n\t\t<div class=\"figc no-description\">\n\t\t\t<div class=\"figc-inner\">\n\t\t\t\t\t\t\t\t\t\t\t\t\t\t\t<\/div>\n\t\t<\/div>\n\n\t<\/div>\n\n<\/div><div class=\"modula-item effect-pufrobo\" >\n\t<div class=\"modula-item-overlay\"><\/div>\n\n\t<div class=\"modula-item-content\">\n\n\t\t<a data-image-id=\"1445\" role=\"button\" tabindex=\"0\" rel=\"jtg-1421\" data-caption=\"\" aria-label=\"Bilder in Lightbox \u00f6ffnen\" class=\"tile-inner modula-item-link\"><\/a><img decoding=\"async\" class=\"pic wp-image-1445\"  data-valign=\"middle\" data-halign=\"center\" alt=\"\" data-full=\"https:\/\/www.galeris.de\/wp-content\/uploads\/2023\/07\/21.jpg\" title=\"21\" crop=\"\" width=\"300\" height=\"225\" src=\"https:\/\/www.galeris.de\/wp-content\/uploads\/2023\/07\/21-300x225.jpg\" data-src=\"https:\/\/www.galeris.de\/wp-content\/uploads\/2023\/07\/21-300x225.jpg\" data-caption=\"\" srcset=\"https:\/\/www.galeris.de\/wp-content\/uploads\/2023\/07\/21.jpg 1466w, https:\/\/www.galeris.de\/wp-content\/uploads\/2023\/07\/21-300x225.jpg 300w, https:\/\/www.galeris.de\/wp-content\/uploads\/2023\/07\/21-1024x768.jpg 1024w, https:\/\/www.galeris.de\/wp-content\/uploads\/2023\/07\/21-768x576.jpg 768w\" sizes=\"(max-width: 300px) 100vw, 300px\" \/>\n\t\t<div class=\"figc no-description\">\n\t\t\t<div class=\"figc-inner\">\n\t\t\t\t\t\t\t\t\t\t\t\t\t\t\t<\/div>\n\t\t<\/div>\n\n\t<\/div>\n\n<\/div><div class=\"modula-item effect-pufrobo\" >\n\t<div class=\"modula-item-overlay\"><\/div>\n\n\t<div class=\"modula-item-content\">\n\n\t\t<a data-image-id=\"1446\" role=\"button\" tabindex=\"0\" rel=\"jtg-1421\" data-caption=\"\" aria-label=\"Bilder in Lightbox \u00f6ffnen\" class=\"tile-inner modula-item-link\"><\/a><img decoding=\"async\" class=\"pic wp-image-1446\"  data-valign=\"middle\" data-halign=\"center\" alt=\"\" data-full=\"https:\/\/www.galeris.de\/wp-content\/uploads\/2023\/07\/22.jpg\" title=\"22\" crop=\"\" width=\"300\" height=\"200\" src=\"https:\/\/www.galeris.de\/wp-content\/uploads\/2023\/07\/22-300x200.jpg\" data-src=\"https:\/\/www.galeris.de\/wp-content\/uploads\/2023\/07\/22-300x200.jpg\" data-caption=\"\" srcset=\"https:\/\/www.galeris.de\/wp-content\/uploads\/2023\/07\/22.jpg 1650w, https:\/\/www.galeris.de\/wp-content\/uploads\/2023\/07\/22-300x200.jpg 300w, https:\/\/www.galeris.de\/wp-content\/uploads\/2023\/07\/22-1024x683.jpg 1024w, https:\/\/www.galeris.de\/wp-content\/uploads\/2023\/07\/22-768x512.jpg 768w, https:\/\/www.galeris.de\/wp-content\/uploads\/2023\/07\/22-1536x1024.jpg 1536w\" sizes=\"(max-width: 300px) 100vw, 300px\" \/>\n\t\t<div class=\"figc no-description\">\n\t\t\t<div class=\"figc-inner\">\n\t\t\t\t\t\t\t\t\t\t\t\t\t\t\t<\/div>\n\t\t<\/div>\n\n\t<\/div>\n\n<\/div><div class=\"modula-item effect-pufrobo\" >\n\t<div class=\"modula-item-overlay\"><\/div>\n\n\t<div class=\"modula-item-content\">\n\n\t\t<a data-image-id=\"1447\" role=\"button\" tabindex=\"0\" rel=\"jtg-1421\" data-caption=\"\" aria-label=\"Bilder in Lightbox \u00f6ffnen\" class=\"tile-inner modula-item-link\"><\/a><img decoding=\"async\" class=\"pic wp-image-1447\"  data-valign=\"middle\" data-halign=\"center\" alt=\"\" data-full=\"https:\/\/www.galeris.de\/wp-content\/uploads\/2023\/07\/23.jpg\" title=\"23\" crop=\"\" width=\"300\" height=\"225\" src=\"https:\/\/www.galeris.de\/wp-content\/uploads\/2023\/07\/23-300x225.jpg\" data-src=\"https:\/\/www.galeris.de\/wp-content\/uploads\/2023\/07\/23-300x225.jpg\" data-caption=\"\" srcset=\"https:\/\/www.galeris.de\/wp-content\/uploads\/2023\/07\/23.jpg 1467w, https:\/\/www.galeris.de\/wp-content\/uploads\/2023\/07\/23-300x225.jpg 300w, https:\/\/www.galeris.de\/wp-content\/uploads\/2023\/07\/23-1024x768.jpg 1024w, https:\/\/www.galeris.de\/wp-content\/uploads\/2023\/07\/23-768x576.jpg 768w\" sizes=\"(max-width: 300px) 100vw, 300px\" \/>\n\t\t<div class=\"figc no-description\">\n\t\t\t<div class=\"figc-inner\">\n\t\t\t\t\t\t\t\t\t\t\t\t\t\t\t<\/div>\n\t\t<\/div>\n\n\t<\/div>\n\n<\/div>\t\t\n\t<\/div>\n\n\t\n\t\n\t<script type=\"application\/ld+json\">\n\t{\n\t\t\"@context\": \"https:\/\/schema.org\",\n\t\t\"@type\"   : \"ImageGallery\",\n\t\t\"id\"      : \"https:\/\/www.galeris.de\/index.php\/kurztrips\/2023-weinheim\/#modula-gallery-1421\",\n\t\t\"url\"     : \"https:\/\/www.galeris.de\/index.php\/kurztrips\/2023-weinheim\/\"\n\t}\n\n\t<\/script>\n\n\t\n<\/div>\n\n<p>&nbsp;<\/p>\n<p>&nbsp;<\/p>\n<p>&nbsp;<\/p>\n","protected":false},"excerpt":{"rendered":"<p>Wir haben sch\u00f6nes Wetter an unserem 36. Hochzeitstag. Vormittags fahren wir \u00fcber die A5 nach Weinheim und besuchen den im Zentrum gelegenen malerischen Schlosspark. Wie immer, treibt es uns zuerst zur Voliere mit den Wellen- und Nymphensittichen. Nur wenige Meter<\/p>\n","protected":false},"author":1,"featured_media":0,"parent":1396,"menu_order":0,"comment_status":"closed","ping_status":"closed","template":"","meta":{"footnotes":""},"class_list":["post-1465","page","type-page","status-publish","hentry"],"_links":{"self":[{"href":"https:\/\/www.galeris.de\/index.php\/wp-json\/wp\/v2\/pages\/1465","targetHints":{"allow":["GET"]}}],"collection":[{"href":"https:\/\/www.galeris.de\/index.php\/wp-json\/wp\/v2\/pages"}],"about":[{"href":"https:\/\/www.galeris.de\/index.php\/wp-json\/wp\/v2\/types\/page"}],"author":[{"embeddable":true,"href":"https:\/\/www.galeris.de\/index.php\/wp-json\/wp\/v2\/users\/1"}],"replies":[{"embeddable":true,"href":"https:\/\/www.galeris.de\/index.php\/wp-json\/wp\/v2\/comments?post=1465"}],"version-history":[{"count":8,"href":"https:\/\/www.galeris.de\/index.php\/wp-json\/wp\/v2\/pages\/1465\/revisions"}],"predecessor-version":[{"id":1596,"href":"https:\/\/www.galeris.de\/index.php\/wp-json\/wp\/v2\/pages\/1465\/revisions\/1596"}],"up":[{"embeddable":true,"href":"https:\/\/www.galeris.de\/index.php\/wp-json\/wp\/v2\/pages\/1396"}],"wp:attachment":[{"href":"https:\/\/www.galeris.de\/index.php\/wp-json\/wp\/v2\/media?parent=1465"}],"curies":[{"name":"wp","href":"https:\/\/api.w.org\/{rel}","templated":true}]}}