{"id":1518,"date":"2023-07-13T09:20:16","date_gmt":"2023-07-13T07:20:16","guid":{"rendered":"https:\/\/www.galeris.de\/?page_id=1518"},"modified":"2024-12-19T12:35:52","modified_gmt":"2024-12-19T11:35:52","slug":"drumherum","status":"publish","type":"page","link":"https:\/\/www.galeris.de\/index.php\/alpines\/drumherum\/","title":{"rendered":"Drumherum"},"content":{"rendered":"<h3>Schwierigkeits-Skalen<\/h3>\n<p>F\u00fcr die Tourenanforderungen gibt es die verschiedensten Schwierigkeits-Skalen (f\u00fcr Bergwanderungen, Hochtouren, Klettersteige, Klettern). Diese zum Teil l\u00e4nderspezifischen Skalen sind immer sehr differenziert angelegt. F\u00fcr uns ist vor allem die SAC-Wanderskala von Belang.<\/p>\n<p><a href=\"https:\/\/de.wikipedia.org\/wiki\/Schwierigkeitsskala_(Klettern)\" target=\"_blank\" rel=\"noopener\">Schwierigkeitsskala &#8211; Wikipedia<\/a><\/p>\n<p><a href=\"https:\/\/de.wikipedia.org\/wiki\/SAC-Berg-_und_Hochtourenskala\" target=\"_blank\" rel=\"noopener\">SAC-Berg-und Hochtourenskala<\/a><\/p>\n<p><a href=\"https:\/\/de.wikipedia.org\/wiki\/SAC-Wanderskala\" target=\"_blank\" rel=\"noopener\">SAC-Wanderskala<\/a><\/p>\n<p><a href=\"https:\/\/de.wikipedia.org\/wiki\/Klettersteig#Bewertung_der_Schwierigkeit\" target=\"_blank\" rel=\"noopener\">Klettersteige &#8211; Wikipedia<\/a><\/p>\n<p><img decoding=\"async\" class=\"wp-image-1497 size-full alignnone\" src=\"https:\/\/www.galeris.de\/wp-content\/uploads\/2023\/07\/alpinskalenvergleich.jpg\" alt=\"\" width=\"1260\" height=\"891\" srcset=\"https:\/\/www.galeris.de\/wp-content\/uploads\/2023\/07\/alpinskalenvergleich.jpg 1260w, https:\/\/www.galeris.de\/wp-content\/uploads\/2023\/07\/alpinskalenvergleich-300x212.jpg 300w, https:\/\/www.galeris.de\/wp-content\/uploads\/2023\/07\/alpinskalenvergleich-1024x724.jpg 1024w, https:\/\/www.galeris.de\/wp-content\/uploads\/2023\/07\/alpinskalenvergleich-768x543.jpg 768w\" sizes=\"(max-width: 1260px) 100vw, 1260px\" \/><\/p>\n<p>&nbsp;<\/p>\n<h3>Bergschuhe<\/h3>\n<p>Je nach Art der Touren ist der jeweils daf\u00fcr passende Schuh wohl der wichtigste Ausr\u00fcstungsgegenstand. Hier gibt es eine Kategorisierung, welche der Schuhhersteller Meindl vor Jahren ins Leben gerufen hat, und welche zum Standard geworden ist. F\u00fcr unsere gem\u00e4ssigten Touren reichen seit Jahren Schuhe der Kategorie &#8222;B&#8220; v\u00f6llig aus.<\/p>\n<p><img decoding=\"async\" class=\"wp-image-1498 alignnone\" src=\"https:\/\/www.galeris.de\/wp-content\/uploads\/2023\/07\/Meindl-Kat.jpg\" alt=\"\" width=\"360\" height=\"442\" srcset=\"https:\/\/www.galeris.de\/wp-content\/uploads\/2023\/07\/Meindl-Kat.jpg 600w, https:\/\/www.galeris.de\/wp-content\/uploads\/2023\/07\/Meindl-Kat-245x300.jpg 245w\" sizes=\"(max-width: 360px) 100vw, 360px\" \/><\/p>\n<p>Die Grafik zeigt eine &#8222;Historie&#8220; unserer Wander- und Bergschuhe. Die schweren Bergschuhe der Kategorie &#8222;D&#8220; sind f\u00fcr uns schon lange pass\u00e9, wir trugen sie zuletzt bei einer Hochtour in den Walliser Alpen (Die Grafik zeigt unten unsere aktuellen Schuhe).<\/p>\n<p><img decoding=\"async\" class=\"alignnone wp-image-1626 size-full\" src=\"https:\/\/www.galeris.de\/wp-content\/uploads\/2023\/07\/Schuhe-Berge-bis-2023-v2.jpg\" alt=\"\" width=\"1100\" height=\"822\" srcset=\"https:\/\/www.galeris.de\/wp-content\/uploads\/2023\/07\/Schuhe-Berge-bis-2023-v2.jpg 1100w, https:\/\/www.galeris.de\/wp-content\/uploads\/2023\/07\/Schuhe-Berge-bis-2023-v2-300x224.jpg 300w, https:\/\/www.galeris.de\/wp-content\/uploads\/2023\/07\/Schuhe-Berge-bis-2023-v2-1024x765.jpg 1024w, https:\/\/www.galeris.de\/wp-content\/uploads\/2023\/07\/Schuhe-Berge-bis-2023-v2-768x574.jpg 768w\" sizes=\"(max-width: 1100px) 100vw, 1100px\" \/><\/p>\n<p>&nbsp;<\/p>\n<h3>Alpinf\u00fchrer-Literatur<\/h3>\n<p>Die meisten Tourenplanungen werden heutzutage digital vorgenommen. Eng verflochten mit den Themen GPS und Navigation. Vor allem die J\u00fcngeren werden in der Regel so vorgehen. Alt \u00e4lter gewordener kombiniere ich dies gerne wie in &#8222;alten Zeiten&#8220; mit der Nutzung gedruckter Alpinf\u00fchrer. Auf das Schm\u00f6kern, den Papiergeruch und die Haptik m\u00f6chte ich nicht verzichten&#8230;<\/p>\n<p>Hier ein \u00dcberblick, was sich im Laufe der Jahre an B\u00fcchern angesammelt hat. Die Historie unserer Touren spiegelt sich im &#8222;Vergilbungsgrad&#8220; dieser B\u00e4nde wider. Die ersten 20 Jahre waren wir fast ausschliesslich in \u00d6sterreich, f\u00fcr diese F\u00fchrerliteratur steht massgeblich der &#8222;Rotherverlag&#8220;. Von 2000 bis fast 2010 folgte unsere &#8222;Schweizer Episode&#8220;, begleitet vom noch wenig vergilbten F\u00fchrerwerk des Schweizer Alpen-Club\u00a0 \ud83d\ude09<\/p>\n<div  id=\"jtg-1683\" class=\"modula modula-gallery modula-custom-grid\" data-config=\"{&quot;height&quot;:800,&quot;tabletHeight&quot;:800,&quot;mobileHeight&quot;:800,&quot;desktopHeight&quot;:800,&quot;enableTwitter&quot;:false,&quot;enableWhatsapp&quot;:false,&quot;enableFacebook&quot;:false,&quot;enablePinterest&quot;:false,&quot;enableLinkedin&quot;:false,&quot;enableEmail&quot;:false,&quot;randomFactor&quot;:0.5,&quot;type&quot;:&quot;custom-grid&quot;,&quot;columns&quot;:12,&quot;gutter&quot;:10,&quot;mobileGutter&quot;:10,&quot;tabletGutter&quot;:10,&quot;desktopGutter&quot;:10,&quot;enableResponsive&quot;:&quot;0&quot;,&quot;tabletColumns&quot;:2,&quot;mobileColumns&quot;:1,&quot;lazyLoad&quot;:0,&quot;lightboxOpts&quot;:{&quot;animated&quot;:true,&quot;Thumbs&quot;:{&quot;type&quot;:&quot;modern&quot;,&quot;showOnStart&quot;:false},&quot;Toolbar&quot;:{&quot;display&quot;:{&quot;right&quot;:[&quot;close&quot;]},&quot;enabled&quot;:true},&quot;Carousel&quot;:{&quot;Panzoom&quot;:{&quot;touch&quot;:true},&quot;infinite&quot;:false},&quot;keyboard&quot;:{&quot;Escape&quot;:&quot;close&quot;,&quot;Delete&quot;:&quot;close&quot;,&quot;Backspace&quot;:&quot;close&quot;,&quot;PageUp&quot;:false,&quot;PageDown&quot;:false,&quot;ArrowUp&quot;:false,&quot;ArrowDown&quot;:false,&quot;ArrowRight&quot;:false,&quot;ArrowLeft&quot;:false},&quot;touch&quot;:false,&quot;backdropClick&quot;:false,&quot;l10n&quot;:{&quot;CLOSE&quot;:&quot;Schlie\\u00dfen&quot;,&quot;NEXT&quot;:&quot;Weiter&quot;,&quot;PREV&quot;:&quot;Zur\\u00fcck&quot;,&quot;Error&quot;:&quot;Der angeforderte Inhalt kann nicht geladen werden. Bitte versuche es sp\\u00e4ter noch einmal.&quot;,&quot;PLAY_START&quot;:&quot;Slideshow starten&quot;,&quot;PLAY_STOP&quot;:&quot;Slideshow anhalten&quot;,&quot;FULL_SCREEN&quot;:&quot;Vollbild&quot;,&quot;THUMBS&quot;:&quot;Vorschaubilder&quot;,&quot;DOWNLOAD&quot;:&quot;Download&quot;,&quot;SHARE&quot;:&quot;Teilen&quot;,&quot;ZOOM&quot;:&quot;Vergr\\u00f6\\u00dfern&quot;,&quot;EMAIL&quot;:&quot;Hier ist der Link zum Bild: %%image_link%% und hier ist der Link zur Galerie: %%gallery_link%%&quot;,&quot;MODAL&quot;:&quot;Du kannst diesen Modal-Inhalt mit der ESC-Taste schlie\\u00dfen&quot;,&quot;ERROR&quot;:&quot;Es ist ein Fehler aufgetreten. Bitte versuche es sp\\u00e4ter noch einmal&quot;,&quot;IMAGE_ERROR&quot;:&quot;Bild nicht gefunden&quot;,&quot;ELEMENT_NOT_FOUND&quot;:&quot;HTML-Element nicht gefunden&quot;,&quot;AJAX_NOT_FOUND&quot;:&quot;Fehler beim Laden von AJAX: Nicht gefunden&quot;,&quot;AJAX_FORBIDDEN&quot;:&quot;Fehler beim Laden von AJAX: Zugriff verweigert&quot;,&quot;IFRAME_ERROR&quot;:&quot;Fehler beim Laden der Seite&quot;,&quot;TOGGLE_ZOOM&quot;:&quot;Zoomstufe umschalten&quot;,&quot;TOGGLE_THUMBS&quot;:&quot;Miniaturansichten ein-\\\/ausblenden&quot;,&quot;TOGGLE_SLIDESHOW&quot;:&quot;Diashow ein-\\\/ausschalten&quot;,&quot;TOGGLE_FULLSCREEN&quot;:&quot;Vollbildmodus umschalten&quot;},&quot;Images&quot;:{&quot;Panzoom&quot;:{&quot;maxScale&quot;:2}},&quot;mainClass&quot;:&quot;modula-fancybox-container modula-lightbox-jtg-1683&quot;,&quot;Html&quot;:{&quot;videoAutoplay&quot;:0,&quot;videoTpl&quot;:&quot;&lt;video class=\\&quot;fancybox__html5video\\&quot; controls muted playsinline controlsList controlsList=\\&quot;nodownload\\&quot; poster=\\&quot;{{poster}}\\&quot; src=\\&quot;{{src}}\\&quot; type=\\&quot;{{format}}\\&quot; &gt;  Sorry, your browser doesn&#039;t support embedded videos, &lt;a href=\\&quot;{{src}}\\&quot;&gt; download &lt;\\\/a&gt; and watch with your favorite video player! &lt;\\\/video&gt;&quot;}},&quot;inView&quot;:false,&quot;email_subject&quot;:&quot;Check out this awesome image !!&quot;,&quot;email_message&quot;:&quot;Here is the link to the image : %%image_link%% and this is the link to the gallery : %%gallery_link%%&quot;,&quot;lightbox&quot;:&quot;fancybox&quot;}\">\n\n\t\n\t<div  class=\"modula-items\">\n\t\t<div class=\"modula-item effect-pufrobo\" data-width=\"2\" data-height=\"2\" >\n\t<div class=\"modula-item-overlay\"><\/div>\n\n\t<div class=\"modula-item-content\">\n\n\t\t<a data-image-id=\"1669\" role=\"button\" tabindex=\"0\" rel=\"jtg-1683\" data-caption=\"\" aria-label=\"Bilder in Lightbox \u00f6ffnen\" class=\"tile-inner modula-item-link\"><\/a><img decoding=\"async\" class=\"pic wp-image-1669\"  data-valign=\"middle\" data-halign=\"center\" alt=\"\" data-full=\"https:\/\/www.galeris.de\/wp-content\/uploads\/2024\/12\/a1.jpg\" title=\"SAC 1\" crop=\"\" width=\"1100\" height=\"1167\" src=\"https:\/\/www.galeris.de\/wp-content\/uploads\/2024\/12\/a1.jpg\" data-src=\"https:\/\/www.galeris.de\/wp-content\/uploads\/2024\/12\/a1.jpg\" data-caption=\"\" srcset=\"https:\/\/www.galeris.de\/wp-content\/uploads\/2024\/12\/a1.jpg 1100w, https:\/\/www.galeris.de\/wp-content\/uploads\/2024\/12\/a1-283x300.jpg 283w, https:\/\/www.galeris.de\/wp-content\/uploads\/2024\/12\/a1-965x1024.jpg 965w, https:\/\/www.galeris.de\/wp-content\/uploads\/2024\/12\/a1-768x815.jpg 768w\" sizes=\"(max-width: 1100px) 100vw, 1100px\" \/>\n\t\t<div class=\"figc no-description\">\n\t\t\t<div class=\"figc-inner\">\n\t\t\t\t\t\t\t\t\t\t\t\t\t\t\t<\/div>\n\t\t<\/div>\n\n\t<\/div>\n\n<\/div><div class=\"modula-item effect-pufrobo\" data-width=\"2\" data-height=\"2\" >\n\t<div class=\"modula-item-overlay\"><\/div>\n\n\t<div class=\"modula-item-content\">\n\n\t\t<a data-image-id=\"1670\" role=\"button\" tabindex=\"0\" rel=\"jtg-1683\" data-caption=\"\" aria-label=\"Bilder in Lightbox \u00f6ffnen\" class=\"tile-inner modula-item-link\"><\/a><img decoding=\"async\" class=\"pic wp-image-1670\"  data-valign=\"middle\" data-halign=\"center\" alt=\"\" data-full=\"https:\/\/www.galeris.de\/wp-content\/uploads\/2024\/12\/a2.jpg\" title=\"a2\" crop=\"\" width=\"1100\" height=\"1531\" src=\"https:\/\/www.galeris.de\/wp-content\/uploads\/2024\/12\/a2.jpg\" data-src=\"https:\/\/www.galeris.de\/wp-content\/uploads\/2024\/12\/a2.jpg\" data-caption=\"\" srcset=\"https:\/\/www.galeris.de\/wp-content\/uploads\/2024\/12\/a2.jpg 1100w, https:\/\/www.galeris.de\/wp-content\/uploads\/2024\/12\/a2-216x300.jpg 216w, https:\/\/www.galeris.de\/wp-content\/uploads\/2024\/12\/a2-736x1024.jpg 736w, https:\/\/www.galeris.de\/wp-content\/uploads\/2024\/12\/a2-768x1069.jpg 768w\" sizes=\"(max-width: 1100px) 100vw, 1100px\" \/>\n\t\t<div class=\"figc no-description\">\n\t\t\t<div class=\"figc-inner\">\n\t\t\t\t\t\t\t\t\t\t\t\t\t\t\t<\/div>\n\t\t<\/div>\n\n\t<\/div>\n\n<\/div><div class=\"modula-item effect-pufrobo\" data-width=\"2\" data-height=\"2\" >\n\t<div class=\"modula-item-overlay\"><\/div>\n\n\t<div class=\"modula-item-content\">\n\n\t\t<a data-image-id=\"1671\" role=\"button\" tabindex=\"0\" rel=\"jtg-1683\" data-caption=\"\" aria-label=\"Bilder in Lightbox \u00f6ffnen\" class=\"tile-inner modula-item-link\"><\/a><img decoding=\"async\" class=\"pic wp-image-1671\"  data-valign=\"middle\" data-halign=\"center\" alt=\"\" data-full=\"https:\/\/www.galeris.de\/wp-content\/uploads\/2024\/12\/a3.jpg\" title=\"a3\" crop=\"\" width=\"1100\" height=\"1620\" src=\"https:\/\/www.galeris.de\/wp-content\/uploads\/2024\/12\/a3.jpg\" data-src=\"https:\/\/www.galeris.de\/wp-content\/uploads\/2024\/12\/a3.jpg\" data-caption=\"\" srcset=\"https:\/\/www.galeris.de\/wp-content\/uploads\/2024\/12\/a3.jpg 1100w, https:\/\/www.galeris.de\/wp-content\/uploads\/2024\/12\/a3-204x300.jpg 204w, https:\/\/www.galeris.de\/wp-content\/uploads\/2024\/12\/a3-695x1024.jpg 695w, https:\/\/www.galeris.de\/wp-content\/uploads\/2024\/12\/a3-768x1131.jpg 768w, https:\/\/www.galeris.de\/wp-content\/uploads\/2024\/12\/a3-1043x1536.jpg 1043w\" sizes=\"(max-width: 1100px) 100vw, 1100px\" \/>\n\t\t<div class=\"figc no-description\">\n\t\t\t<div class=\"figc-inner\">\n\t\t\t\t\t\t\t\t\t\t\t\t\t\t\t<\/div>\n\t\t<\/div>\n\n\t<\/div>\n\n<\/div><div class=\"modula-item effect-pufrobo\" data-width=\"2\" data-height=\"2\" >\n\t<div class=\"modula-item-overlay\"><\/div>\n\n\t<div class=\"modula-item-content\">\n\n\t\t<a data-image-id=\"1672\" role=\"button\" tabindex=\"0\" rel=\"jtg-1683\" data-caption=\"\" aria-label=\"Bilder in Lightbox \u00f6ffnen\" class=\"tile-inner modula-item-link\"><\/a><img decoding=\"async\" class=\"pic wp-image-1672\"  data-valign=\"middle\" data-halign=\"center\" alt=\"\" data-full=\"https:\/\/www.galeris.de\/wp-content\/uploads\/2024\/12\/a4.jpg\" title=\"a4\" crop=\"\" width=\"1100\" height=\"1159\" src=\"https:\/\/www.galeris.de\/wp-content\/uploads\/2024\/12\/a4.jpg\" data-src=\"https:\/\/www.galeris.de\/wp-content\/uploads\/2024\/12\/a4.jpg\" data-caption=\"\" srcset=\"https:\/\/www.galeris.de\/wp-content\/uploads\/2024\/12\/a4.jpg 1100w, https:\/\/www.galeris.de\/wp-content\/uploads\/2024\/12\/a4-285x300.jpg 285w, https:\/\/www.galeris.de\/wp-content\/uploads\/2024\/12\/a4-972x1024.jpg 972w, https:\/\/www.galeris.de\/wp-content\/uploads\/2024\/12\/a4-768x809.jpg 768w\" sizes=\"(max-width: 1100px) 100vw, 1100px\" \/>\n\t\t<div class=\"figc no-description\">\n\t\t\t<div class=\"figc-inner\">\n\t\t\t\t\t\t\t\t\t\t\t\t\t\t\t<\/div>\n\t\t<\/div>\n\n\t<\/div>\n\n<\/div><div class=\"modula-item effect-pufrobo\" data-width=\"2\" data-height=\"2\" >\n\t<div class=\"modula-item-overlay\"><\/div>\n\n\t<div class=\"modula-item-content\">\n\n\t\t<a data-image-id=\"1674\" role=\"button\" tabindex=\"0\" rel=\"jtg-1683\" data-caption=\"\" aria-label=\"Bilder in Lightbox \u00f6ffnen\" class=\"tile-inner modula-item-link\"><\/a><img decoding=\"async\" class=\"pic wp-image-1674\"  data-valign=\"middle\" data-halign=\"center\" alt=\"\" data-full=\"https:\/\/www.galeris.de\/wp-content\/uploads\/2024\/12\/a12.jpg\" title=\"a12\" crop=\"\" width=\"1176\" height=\"1100\" src=\"https:\/\/www.galeris.de\/wp-content\/uploads\/2024\/12\/a12.jpg\" data-src=\"https:\/\/www.galeris.de\/wp-content\/uploads\/2024\/12\/a12.jpg\" data-caption=\"\" srcset=\"https:\/\/www.galeris.de\/wp-content\/uploads\/2024\/12\/a12.jpg 1176w, https:\/\/www.galeris.de\/wp-content\/uploads\/2024\/12\/a12-300x281.jpg 300w, https:\/\/www.galeris.de\/wp-content\/uploads\/2024\/12\/a12-1024x958.jpg 1024w, https:\/\/www.galeris.de\/wp-content\/uploads\/2024\/12\/a12-768x718.jpg 768w\" sizes=\"(max-width: 1176px) 100vw, 1176px\" \/>\n\t\t<div class=\"figc no-description\">\n\t\t\t<div class=\"figc-inner\">\n\t\t\t\t\t\t\t\t\t\t\t\t\t\t\t<\/div>\n\t\t<\/div>\n\n\t<\/div>\n\n<\/div><div class=\"modula-item effect-pufrobo\" data-width=\"2\" data-height=\"2\" >\n\t<div class=\"modula-item-overlay\"><\/div>\n\n\t<div class=\"modula-item-content\">\n\n\t\t<a data-image-id=\"1673\" role=\"button\" tabindex=\"0\" rel=\"jtg-1683\" data-caption=\"\" aria-label=\"Bilder in Lightbox \u00f6ffnen\" class=\"tile-inner modula-item-link\"><\/a><img decoding=\"async\" class=\"pic wp-image-1673\"  data-valign=\"middle\" data-halign=\"center\" alt=\"\" data-full=\"https:\/\/www.galeris.de\/wp-content\/uploads\/2024\/12\/a11.jpg\" title=\"a11\" crop=\"\" width=\"1264\" height=\"1100\" src=\"https:\/\/www.galeris.de\/wp-content\/uploads\/2024\/12\/a11.jpg\" data-src=\"https:\/\/www.galeris.de\/wp-content\/uploads\/2024\/12\/a11.jpg\" data-caption=\"\" srcset=\"https:\/\/www.galeris.de\/wp-content\/uploads\/2024\/12\/a11.jpg 1264w, https:\/\/www.galeris.de\/wp-content\/uploads\/2024\/12\/a11-300x261.jpg 300w, https:\/\/www.galeris.de\/wp-content\/uploads\/2024\/12\/a11-1024x891.jpg 1024w, https:\/\/www.galeris.de\/wp-content\/uploads\/2024\/12\/a11-768x668.jpg 768w\" sizes=\"(max-width: 1264px) 100vw, 1264px\" \/>\n\t\t<div class=\"figc no-description\">\n\t\t\t<div class=\"figc-inner\">\n\t\t\t\t\t\t\t\t\t\t\t\t\t\t\t<\/div>\n\t\t<\/div>\n\n\t<\/div>\n\n<\/div><div class=\"modula-item effect-pufrobo\" data-width=\"2\" data-height=\"2\" >\n\t<div class=\"modula-item-overlay\"><\/div>\n\n\t<div class=\"modula-item-content\">\n\n\t\t<a data-image-id=\"1675\" role=\"button\" tabindex=\"0\" rel=\"jtg-1683\" data-caption=\"\" aria-label=\"Bilder in Lightbox \u00f6ffnen\" class=\"tile-inner modula-item-link\"><\/a><img decoding=\"async\" class=\"pic wp-image-1675\"  data-valign=\"middle\" data-halign=\"center\" alt=\"\" data-full=\"https:\/\/www.galeris.de\/wp-content\/uploads\/2024\/12\/a14.jpg\" title=\"a14\" crop=\"\" width=\"1100\" height=\"1416\" src=\"https:\/\/www.galeris.de\/wp-content\/uploads\/2024\/12\/a14.jpg\" data-src=\"https:\/\/www.galeris.de\/wp-content\/uploads\/2024\/12\/a14.jpg\" data-caption=\"\" srcset=\"https:\/\/www.galeris.de\/wp-content\/uploads\/2024\/12\/a14.jpg 1100w, https:\/\/www.galeris.de\/wp-content\/uploads\/2024\/12\/a14-233x300.jpg 233w, https:\/\/www.galeris.de\/wp-content\/uploads\/2024\/12\/a14-795x1024.jpg 795w, https:\/\/www.galeris.de\/wp-content\/uploads\/2024\/12\/a14-768x989.jpg 768w\" sizes=\"(max-width: 1100px) 100vw, 1100px\" \/>\n\t\t<div class=\"figc no-description\">\n\t\t\t<div class=\"figc-inner\">\n\t\t\t\t\t\t\t\t\t\t\t\t\t\t\t<\/div>\n\t\t<\/div>\n\n\t<\/div>\n\n<\/div><div class=\"modula-item effect-pufrobo\" data-width=\"2\" data-height=\"2\" >\n\t<div class=\"modula-item-overlay\"><\/div>\n\n\t<div class=\"modula-item-content\">\n\n\t\t<a data-image-id=\"1677\" role=\"button\" tabindex=\"0\" rel=\"jtg-1683\" data-caption=\"\" aria-label=\"Bilder in Lightbox \u00f6ffnen\" class=\"tile-inner modula-item-link\"><\/a><img decoding=\"async\" class=\"pic wp-image-1677\"  data-valign=\"middle\" data-halign=\"center\" alt=\"\" data-full=\"https:\/\/www.galeris.de\/wp-content\/uploads\/2024\/12\/a16.jpg\" title=\"a16\" crop=\"\" width=\"1100\" height=\"1393\" src=\"https:\/\/www.galeris.de\/wp-content\/uploads\/2024\/12\/a16.jpg\" data-src=\"https:\/\/www.galeris.de\/wp-content\/uploads\/2024\/12\/a16.jpg\" data-caption=\"\" srcset=\"https:\/\/www.galeris.de\/wp-content\/uploads\/2024\/12\/a16.jpg 1100w, https:\/\/www.galeris.de\/wp-content\/uploads\/2024\/12\/a16-237x300.jpg 237w, https:\/\/www.galeris.de\/wp-content\/uploads\/2024\/12\/a16-809x1024.jpg 809w, https:\/\/www.galeris.de\/wp-content\/uploads\/2024\/12\/a16-768x973.jpg 768w\" sizes=\"(max-width: 1100px) 100vw, 1100px\" \/>\n\t\t<div class=\"figc no-description\">\n\t\t\t<div class=\"figc-inner\">\n\t\t\t\t\t\t\t\t\t\t\t\t\t\t\t<\/div>\n\t\t<\/div>\n\n\t<\/div>\n\n<\/div><div class=\"modula-item effect-pufrobo\" data-width=\"2\" data-height=\"2\" >\n\t<div class=\"modula-item-overlay\"><\/div>\n\n\t<div class=\"modula-item-content\">\n\n\t\t<a data-image-id=\"1679\" role=\"button\" tabindex=\"0\" rel=\"jtg-1683\" data-caption=\"\" aria-label=\"Bilder in Lightbox \u00f6ffnen\" class=\"tile-inner modula-item-link\"><\/a><img decoding=\"async\" class=\"pic wp-image-1679\"  data-valign=\"middle\" data-halign=\"center\" alt=\"\" data-full=\"https:\/\/www.galeris.de\/wp-content\/uploads\/2024\/12\/a18.jpg\" title=\"a18\" crop=\"\" width=\"1100\" height=\"1095\" src=\"https:\/\/www.galeris.de\/wp-content\/uploads\/2024\/12\/a18.jpg\" data-src=\"https:\/\/www.galeris.de\/wp-content\/uploads\/2024\/12\/a18.jpg\" data-caption=\"\" srcset=\"https:\/\/www.galeris.de\/wp-content\/uploads\/2024\/12\/a18.jpg 1100w, https:\/\/www.galeris.de\/wp-content\/uploads\/2024\/12\/a18-300x300.jpg 300w, https:\/\/www.galeris.de\/wp-content\/uploads\/2024\/12\/a18-1024x1019.jpg 1024w, https:\/\/www.galeris.de\/wp-content\/uploads\/2024\/12\/a18-150x150.jpg 150w, https:\/\/www.galeris.de\/wp-content\/uploads\/2024\/12\/a18-768x765.jpg 768w\" sizes=\"(max-width: 1100px) 100vw, 1100px\" \/>\n\t\t<div class=\"figc no-description\">\n\t\t\t<div class=\"figc-inner\">\n\t\t\t\t\t\t\t\t\t\t\t\t\t\t\t<\/div>\n\t\t<\/div>\n\n\t<\/div>\n\n<\/div><div class=\"modula-item effect-pufrobo\" data-width=\"2\" data-height=\"2\" >\n\t<div class=\"modula-item-overlay\"><\/div>\n\n\t<div class=\"modula-item-content\">\n\n\t\t<a data-image-id=\"1676\" role=\"button\" tabindex=\"0\" rel=\"jtg-1683\" data-caption=\"\" aria-label=\"Bilder in Lightbox \u00f6ffnen\" class=\"tile-inner modula-item-link\"><\/a><img decoding=\"async\" class=\"pic wp-image-1676\"  data-valign=\"middle\" data-halign=\"center\" alt=\"\" data-full=\"https:\/\/www.galeris.de\/wp-content\/uploads\/2024\/12\/a15.jpg\" title=\"a15\" crop=\"\" width=\"1100\" height=\"1312\" src=\"https:\/\/www.galeris.de\/wp-content\/uploads\/2024\/12\/a15.jpg\" data-src=\"https:\/\/www.galeris.de\/wp-content\/uploads\/2024\/12\/a15.jpg\" data-caption=\"\" srcset=\"https:\/\/www.galeris.de\/wp-content\/uploads\/2024\/12\/a15.jpg 1100w, https:\/\/www.galeris.de\/wp-content\/uploads\/2024\/12\/a15-252x300.jpg 252w, https:\/\/www.galeris.de\/wp-content\/uploads\/2024\/12\/a15-859x1024.jpg 859w, https:\/\/www.galeris.de\/wp-content\/uploads\/2024\/12\/a15-768x916.jpg 768w\" sizes=\"(max-width: 1100px) 100vw, 1100px\" \/>\n\t\t<div class=\"figc no-description\">\n\t\t\t<div class=\"figc-inner\">\n\t\t\t\t\t\t\t\t\t\t\t\t\t\t\t<\/div>\n\t\t<\/div>\n\n\t<\/div>\n\n<\/div><div class=\"modula-item effect-pufrobo\" data-width=\"2\" data-height=\"2\" >\n\t<div class=\"modula-item-overlay\"><\/div>\n\n\t<div class=\"modula-item-content\">\n\n\t\t<a data-image-id=\"1678\" role=\"button\" tabindex=\"0\" rel=\"jtg-1683\" data-caption=\"\" aria-label=\"Bilder in Lightbox \u00f6ffnen\" class=\"tile-inner modula-item-link\"><\/a><img decoding=\"async\" class=\"pic wp-image-1678\"  data-valign=\"middle\" data-halign=\"center\" alt=\"\" data-full=\"https:\/\/www.galeris.de\/wp-content\/uploads\/2024\/12\/a17.jpg\" title=\"a17\" crop=\"\" width=\"1100\" height=\"1481\" src=\"https:\/\/www.galeris.de\/wp-content\/uploads\/2024\/12\/a17.jpg\" data-src=\"https:\/\/www.galeris.de\/wp-content\/uploads\/2024\/12\/a17.jpg\" data-caption=\"\" srcset=\"https:\/\/www.galeris.de\/wp-content\/uploads\/2024\/12\/a17.jpg 1100w, https:\/\/www.galeris.de\/wp-content\/uploads\/2024\/12\/a17-223x300.jpg 223w, https:\/\/www.galeris.de\/wp-content\/uploads\/2024\/12\/a17-761x1024.jpg 761w, https:\/\/www.galeris.de\/wp-content\/uploads\/2024\/12\/a17-768x1034.jpg 768w\" sizes=\"(max-width: 1100px) 100vw, 1100px\" \/>\n\t\t<div class=\"figc no-description\">\n\t\t\t<div class=\"figc-inner\">\n\t\t\t\t\t\t\t\t\t\t\t\t\t\t\t<\/div>\n\t\t<\/div>\n\n\t<\/div>\n\n<\/div>\t\t\n\t<\/div>\n\n\t\n\t\n\t<script type=\"application\/ld+json\">\n\t{\n\t\t\"@context\": \"https:\/\/schema.org\",\n\t\t\"@type\"   : \"ImageGallery\",\n\t\t\"id\"      : \"https:\/\/www.galeris.de\/index.php\/alpines\/drumherum\/#modula-gallery-1683\",\n\t\t\"url\"     : \"https:\/\/www.galeris.de\/index.php\/alpines\/drumherum\/\"\n\t}\n\n\t<\/script>\n\n\t\n<\/div>\n\n<p>Parallel dazu gilt das gleiche f\u00fcr die topografischen Karten, \u00fcblicherweise im Ma\u00dfstab 1:25000. Auch hier wurde den gedruckten Karten von den digitalen der Rang abgelaufen.<\/p>\n<p>&nbsp;<\/p>\n<p>&nbsp;<\/p>\n","protected":false},"excerpt":{"rendered":"<p>Schwierigkeits-Skalen F\u00fcr die Tourenanforderungen gibt es die verschiedensten Schwierigkeits-Skalen (f\u00fcr Bergwanderungen, Hochtouren, Klettersteige, Klettern). Diese zum Teil l\u00e4nderspezifischen Skalen sind immer sehr differenziert angelegt. F\u00fcr uns ist vor allem die SAC-Wanderskala von Belang. Schwierigkeitsskala &#8211; Wikipedia SAC-Berg-und Hochtourenskala SAC-Wanderskala Klettersteige<\/p>\n","protected":false},"author":1,"featured_media":0,"parent":59,"menu_order":0,"comment_status":"closed","ping_status":"closed","template":"","meta":{"footnotes":""},"class_list":["post-1518","page","type-page","status-publish","hentry"],"_links":{"self":[{"href":"https:\/\/www.galeris.de\/index.php\/wp-json\/wp\/v2\/pages\/1518","targetHints":{"allow":["GET"]}}],"collection":[{"href":"https:\/\/www.galeris.de\/index.php\/wp-json\/wp\/v2\/pages"}],"about":[{"href":"https:\/\/www.galeris.de\/index.php\/wp-json\/wp\/v2\/types\/page"}],"author":[{"embeddable":true,"href":"https:\/\/www.galeris.de\/index.php\/wp-json\/wp\/v2\/users\/1"}],"replies":[{"embeddable":true,"href":"https:\/\/www.galeris.de\/index.php\/wp-json\/wp\/v2\/comments?post=1518"}],"version-history":[{"count":41,"href":"https:\/\/www.galeris.de\/index.php\/wp-json\/wp\/v2\/pages\/1518\/revisions"}],"predecessor-version":[{"id":1692,"href":"https:\/\/www.galeris.de\/index.php\/wp-json\/wp\/v2\/pages\/1518\/revisions\/1692"}],"up":[{"embeddable":true,"href":"https:\/\/www.galeris.de\/index.php\/wp-json\/wp\/v2\/pages\/59"}],"wp:attachment":[{"href":"https:\/\/www.galeris.de\/index.php\/wp-json\/wp\/v2\/media?parent=1518"}],"curies":[{"name":"wp","href":"https:\/\/api.w.org\/{rel}","templated":true}]}}