{"id":17,"date":"2022-05-27T17:21:38","date_gmt":"2022-05-27T15:21:38","guid":{"rendered":"https:\/\/www.galeris.de\/?page_id=17"},"modified":"2025-11-24T12:34:46","modified_gmt":"2025-11-24T11:34:46","slug":"startseite","status":"publish","type":"page","link":"https:\/\/www.galeris.de\/","title":{"rendered":"Startseite"},"content":{"rendered":"<p>Ein ereignisreiches, bewegtes Jahr \u2013 leider auch mit Schicksalsschl\u00e4gen \u2013\u00a0 ist kurz vor der Weihnachtszeit angekommen. Mein Kalenderprojekt musste ich beenden. Ich habe diesmal nur einen kleinen DIN-A4-Kalender f\u00fcr Freunde und Familie gestaltet. Das lang erhoffte Reisen in die Alpen hat auch dieses Jahr nicht geklappt. N\u00e4chstes Jahr wartet die n\u00e4chste Chance auf uns&#8230;<\/p>\r\n<p>Bleibt alle gesund und munter!<\/p>\r\n<p>Marion und Michael<\/p>\r\n<p><img decoding=\"async\" class=\"alignnone wp-image-1733 size-full\" src=\"https:\/\/www.galeris.de\/wp-content\/uploads\/2025\/11\/2026-Kalender-1.jpg\" alt=\"\" width=\"1800\" height=\"1283\" srcset=\"https:\/\/www.galeris.de\/wp-content\/uploads\/2025\/11\/2026-Kalender-1.jpg 1800w, https:\/\/www.galeris.de\/wp-content\/uploads\/2025\/11\/2026-Kalender-1-300x214.jpg 300w, https:\/\/www.galeris.de\/wp-content\/uploads\/2025\/11\/2026-Kalender-1-1024x730.jpg 1024w, https:\/\/www.galeris.de\/wp-content\/uploads\/2025\/11\/2026-Kalender-1-768x547.jpg 768w, https:\/\/www.galeris.de\/wp-content\/uploads\/2025\/11\/2026-Kalender-1-1536x1095.jpg 1536w\" sizes=\"(max-width: 1800px) 100vw, 1800px\" \/><\/p>\r\n\r\n<figure class=\"wp-block-embed is-type-rich is-provider-flickr wp-block-embed-flickr\">\r\n<div>\u00a0<\/div>\r\n<\/figure>\r\n","protected":false},"excerpt":{"rendered":"<p>Ein ereignisreiches, bewegtes Jahr \u2013 leider auch mit Schicksalsschl\u00e4gen \u2013\u00a0 ist kurz vor der Weihnachtszeit angekommen. Mein Kalenderprojekt musste ich beenden. Ich habe diesmal nur einen kleinen DIN-A4-Kalender f\u00fcr Freunde und Familie gestaltet. Das lang erhoffte Reisen in die Alpen<\/p>\n","protected":false},"author":1,"featured_media":98,"parent":0,"menu_order":0,"comment_status":"closed","ping_status":"closed","template":"","meta":{"footnotes":""},"class_list":["post-17","page","type-page","status-publish","has-post-thumbnail","hentry"],"_links":{"self":[{"href":"https:\/\/www.galeris.de\/index.php\/wp-json\/wp\/v2\/pages\/17","targetHints":{"allow":["GET"]}}],"collection":[{"href":"https:\/\/www.galeris.de\/index.php\/wp-json\/wp\/v2\/pages"}],"about":[{"href":"https:\/\/www.galeris.de\/index.php\/wp-json\/wp\/v2\/types\/page"}],"author":[{"embeddable":true,"href":"https:\/\/www.galeris.de\/index.php\/wp-json\/wp\/v2\/users\/1"}],"replies":[{"embeddable":true,"href":"https:\/\/www.galeris.de\/index.php\/wp-json\/wp\/v2\/comments?post=17"}],"version-history":[{"count":125,"href":"https:\/\/www.galeris.de\/index.php\/wp-json\/wp\/v2\/pages\/17\/revisions"}],"predecessor-version":[{"id":1735,"href":"https:\/\/www.galeris.de\/index.php\/wp-json\/wp\/v2\/pages\/17\/revisions\/1735"}],"wp:featuredmedia":[{"embeddable":true,"href":"https:\/\/www.galeris.de\/index.php\/wp-json\/wp\/v2\/media\/98"}],"wp:attachment":[{"href":"https:\/\/www.galeris.de\/index.php\/wp-json\/wp\/v2\/media?parent=17"}],"curies":[{"name":"wp","href":"https:\/\/api.w.org\/{rel}","templated":true}]}}