{"id":221,"date":"2022-05-28T19:32:20","date_gmt":"2022-05-28T17:32:20","guid":{"rendered":"https:\/\/www.galeris.de\/?page_id=221"},"modified":"2023-07-08T20:49:31","modified_gmt":"2023-07-08T18:49:31","slug":"diverses","status":"publish","type":"page","link":"https:\/\/www.galeris.de\/index.php\/diverses\/","title":{"rendered":"Diverses"},"content":{"rendered":"<p>Der Bereich &#8222;Diverses&#8220; wird zuk\u00fcnftig variabel bleiben. Die Beitr\u00e4ge aus unterschiedlichen Themenbereichen werden \u00f6fters wechseln. Es beginnt mit:<\/p>\n<ul>\n<li>Reisen<\/li>\n<li>Kurztrips 2023<\/li>\n<li>Reisebuch<\/li>\n<li>Nymphis<\/li>\n<li>Malen<\/li>\n<\/ul>\n<p><img decoding=\"async\" class=\"alignnone wp-image-1124\" src=\"https:\/\/www.galeris.de\/wp-content\/uploads\/2022\/06\/kontakt-300x210.jpg\" alt=\"\" width=\"600\" height=\"420\" srcset=\"https:\/\/www.galeris.de\/wp-content\/uploads\/2022\/06\/kontakt-300x210.jpg 300w, https:\/\/www.galeris.de\/wp-content\/uploads\/2022\/06\/kontakt-768x538.jpg 768w, https:\/\/www.galeris.de\/wp-content\/uploads\/2022\/06\/kontakt.jpg 800w\" sizes=\"(max-width: 600px) 100vw, 600px\" \/><\/p>\n","protected":false},"excerpt":{"rendered":"<p>Der Bereich &#8222;Diverses&#8220; wird zuk\u00fcnftig variabel bleiben. Die Beitr\u00e4ge aus unterschiedlichen Themenbereichen werden \u00f6fters wechseln. Es beginnt mit: Reisen Kurztrips 2023 Reisebuch Nymphis Malen<\/p>\n","protected":false},"author":1,"featured_media":0,"parent":0,"menu_order":0,"comment_status":"closed","ping_status":"closed","template":"","meta":{"footnotes":""},"class_list":["post-221","page","type-page","status-publish","hentry"],"_links":{"self":[{"href":"https:\/\/www.galeris.de\/index.php\/wp-json\/wp\/v2\/pages\/221","targetHints":{"allow":["GET"]}}],"collection":[{"href":"https:\/\/www.galeris.de\/index.php\/wp-json\/wp\/v2\/pages"}],"about":[{"href":"https:\/\/www.galeris.de\/index.php\/wp-json\/wp\/v2\/types\/page"}],"author":[{"embeddable":true,"href":"https:\/\/www.galeris.de\/index.php\/wp-json\/wp\/v2\/users\/1"}],"replies":[{"embeddable":true,"href":"https:\/\/www.galeris.de\/index.php\/wp-json\/wp\/v2\/comments?post=221"}],"version-history":[{"count":8,"href":"https:\/\/www.galeris.de\/index.php\/wp-json\/wp\/v2\/pages\/221\/revisions"}],"predecessor-version":[{"id":1461,"href":"https:\/\/www.galeris.de\/index.php\/wp-json\/wp\/v2\/pages\/221\/revisions\/1461"}],"wp:attachment":[{"href":"https:\/\/www.galeris.de\/index.php\/wp-json\/wp\/v2\/media?parent=221"}],"curies":[{"name":"wp","href":"https:\/\/api.w.org\/{rel}","templated":true}]}}