{"id":229,"date":"2022-05-28T21:07:46","date_gmt":"2022-05-28T19:07:46","guid":{"rendered":"https:\/\/www.galeris.de\/?page_id=229"},"modified":"2022-06-12T19:17:22","modified_gmt":"2022-06-12T17:17:22","slug":"pilgerweg","status":"publish","type":"page","link":"https:\/\/www.galeris.de\/index.php\/pilgerweg\/","title":{"rendered":"Pilgerweg"},"content":{"rendered":"<div class='content-column full_width'><div style=\"\"><p style=\"text-align: justify;\">Der Franziskanische Pilgerweg in Bensheim ist ein Zeichen franziskanisch inspirierter Laienarbeit. Er ist durch ehrenamtliches Engagement vieler Beteiligten entstanden. Die \u00d6kumenische Erstbegehung mit Segnung der Wegtafeln fand unter der regen Beteiligung s\u00e4mtlicher katholischer und evangelischer Pfarrgemeinden sowie der Liebfrauen-Schule in Bensheim am 21. September 2002 statt.<\/p>\n<p style=\"text-align: justify;\">Mit der Namenswahl \u201eFranziskanischer Pilgerweg\u201c ist bewusst die franziskanische Haltung verkn\u00fcpft. Den Augen des Pilgers soll sich im Betrachten der Wegtafel-Symbole und im Lesen der Strophen des \u201eSonnengesanges\u201c eine erweiterte Sicht auf den Sch\u00f6pfer allen Seins erschliessen.<\/p>\n<p style=\"text-align: justify;\">Der Pilgerweg beinhaltet insgesamt zehn Stationen. Sie umfassen acht Strophen des Original-Sonnengesangs, sowie die beiden Refrain-Strophen f\u00fcr die erste und letzte Station (Anfangs- und Abschluss-Lobpreis).<\/p>\n<p style=\"text-align: justify;\">An den Stationen befinden sich Sitzb\u00e4nke zum Verweilen. Zur Orientierung dienen Aufkleber mit dem Tau-Zeichen. Der Weg beginnt an der Franziskanerkirche mitten in der malerischen Altstadt Bensheims und f\u00fchrt durch sanft ansteigende Weinberge und bewaldete H\u00f6henwege zur St. Elisabeth-Kirche nach Sch\u00f6nberg. Es ist kein Rundweg!<\/p>\n<p>Ich bin den Pilgerweg einige Mal gegangen. Meist allein, dreimal war Marion mit dabei. Mein Vorhaben, den Weg jedes Jahr mindestens einmal zu gehen, hat jedoch nicht geklappt. Zum letzten Mal war ich dort im Herbst 2021 unterwegs (weblink zur Tour auf <strong>hikr.org<\/strong> mit 30 Fotos):<\/p>\n<p><a href=\"https:\/\/www.hikr.org\/tour\/post167729.html\">https:\/\/www.hikr.org\/tour\/post167729.html<\/a><\/p>\n<ul>\n<li><span style=\"color: #333333;\">Rechts: Eine Galerie mit den Monatsbl\u00e4ttern des Pilgerwegkalender 2017<\/span><\/li>\n<\/ul><\/div><\/div>\n<ul>\n<li><span style=\"color: #333333;\">Unten: Wolfgang\u00a0 Seitz und ich gestalteten 2017 ein aufwendig gestaltetes Buch zum Franziskanischen Pilgerweg.<\/span><\/li>\n<\/ul>\n<p><img decoding=\"async\" class=\"alignnone wp-image-824 size-full\" src=\"https:\/\/www.galeris.de\/wp-content\/uploads\/2022\/06\/buch-00ed.jpg\" alt=\"\" width=\"900\" height=\"628\" srcset=\"https:\/\/www.galeris.de\/wp-content\/uploads\/2022\/06\/buch-00ed.jpg 900w, https:\/\/www.galeris.de\/wp-content\/uploads\/2022\/06\/buch-00ed-300x209.jpg 300w, https:\/\/www.galeris.de\/wp-content\/uploads\/2022\/06\/buch-00ed-768x536.jpg 768w\" sizes=\"(max-width: 900px) 100vw, 900px\" \/><\/p>\n<p><img decoding=\"async\" class=\"alignnone wp-image-823 size-full\" src=\"https:\/\/www.galeris.de\/wp-content\/uploads\/2022\/06\/buch-reell-e1654332803898.jpg\" alt=\"\" width=\"900\" height=\"663\" srcset=\"https:\/\/www.galeris.de\/wp-content\/uploads\/2022\/06\/buch-reell-e1654332803898.jpg 900w, https:\/\/www.galeris.de\/wp-content\/uploads\/2022\/06\/buch-reell-e1654332803898-300x221.jpg 300w, https:\/\/www.galeris.de\/wp-content\/uploads\/2022\/06\/buch-reell-e1654332803898-768x566.jpg 768w\" sizes=\"(max-width: 900px) 100vw, 900px\" \/><\/p>\n<p>&nbsp;<\/p>\n<p>&nbsp;<\/p>\n<p>&nbsp;<\/p>\n","protected":false},"excerpt":{"rendered":"<p>Unten: Wolfgang\u00a0 Seitz und ich gestalteten 2017 ein aufwendig gestaltetes Buch zum Franziskanischen Pilgerweg. &nbsp; &nbsp; &nbsp;<\/p>\n","protected":false},"author":1,"featured_media":0,"parent":0,"menu_order":0,"comment_status":"closed","ping_status":"closed","template":"","meta":{"footnotes":""},"class_list":["post-229","page","type-page","status-publish","hentry"],"_links":{"self":[{"href":"https:\/\/www.galeris.de\/index.php\/wp-json\/wp\/v2\/pages\/229","targetHints":{"allow":["GET"]}}],"collection":[{"href":"https:\/\/www.galeris.de\/index.php\/wp-json\/wp\/v2\/pages"}],"about":[{"href":"https:\/\/www.galeris.de\/index.php\/wp-json\/wp\/v2\/types\/page"}],"author":[{"embeddable":true,"href":"https:\/\/www.galeris.de\/index.php\/wp-json\/wp\/v2\/users\/1"}],"replies":[{"embeddable":true,"href":"https:\/\/www.galeris.de\/index.php\/wp-json\/wp\/v2\/comments?post=229"}],"version-history":[{"count":67,"href":"https:\/\/www.galeris.de\/index.php\/wp-json\/wp\/v2\/pages\/229\/revisions"}],"predecessor-version":[{"id":1374,"href":"https:\/\/www.galeris.de\/index.php\/wp-json\/wp\/v2\/pages\/229\/revisions\/1374"}],"wp:attachment":[{"href":"https:\/\/www.galeris.de\/index.php\/wp-json\/wp\/v2\/media?parent=229"}],"curies":[{"name":"wp","href":"https:\/\/api.w.org\/{rel}","templated":true}]}}