{"id":341,"date":"2022-05-30T17:58:34","date_gmt":"2022-05-30T15:58:34","guid":{"rendered":"https:\/\/www.galeris.de\/?page_id=341"},"modified":"2022-06-08T18:19:43","modified_gmt":"2022-06-08T16:19:43","slug":"orte","status":"publish","type":"page","link":"https:\/\/www.galeris.de\/index.php\/orte\/","title":{"rendered":"Orte"},"content":{"rendered":"<p>Zwischen Seeheim-Jugenheim und Heidelberg liegen malerische Orte wie an einer Perlenschnur aufgereiht. Auf den ersten Anh\u00f6hen dahinter, viele Burgen. Die besonders reizvoll wirken, wenn sie abendlich beleuchtet sind. F\u00fcr uns war die Bergstrasse fr\u00fcher \u2013 ganz schn\u00f6de gesehen \u2013\u00a0 immer nur die erste oder letzte Fahrstrecke im Zuge eines Alpen-Urlaubs. Im Vor\u00fcberfahren nett anzusehen, aber nicht viel mehr. Wie sich die Zeiten doch \u00e4ndern&#8230;<\/p>\n<p><div class='content-column one_fourth'>                    <div class=\"flicgal-gallery-wrapper gallery-508\">\n                                                    <h3 class=\"flicgal-title\">Zwingenberg<\/h3>\n                                                <div class=\"flicgal-gallery-container-wrapper\">\n                            <div class=\"flicgal-spinner-wrapper\">\n                                <div class=\"flicgal-loading-img\"><img decoding=\"async\" src=\"https:\/\/www.galeris.de\/wp-content\/plugins\/flickr-album-gallery\/img\/loading.gif\" \/><\/div>\n                            <\/div>\n                            <div class=\"flicgal-gallery-container\"><\/div>\n                        <\/div>\n                        <!-- Blueimp gallery -->\n                        <div id=\"blueimp-gallery-508\" class=\"blueimp-gallery blueimp-gallery-controls\">\n                            <div class=\"slides\"><\/div>\n                            <h3 class=\"title\"><\/h3>\n                            <a class=\"prev\"><\/a>\n                            <a class=\"next\"><\/a>\n                            <a class=\"close\"><\/a>\n                            <a class=\"play-pause\"><\/a>\n                            <ol class=\"indicator\"><\/ol>\n                        <\/div>\n                    <\/div>\n                    \n            <\/div><div class='content-column one_fourth'><div style=\"padding-left:10px;\">                    <div class=\"flicgal-gallery-wrapper gallery-509\">\n                                                    <h3 class=\"flicgal-title\">Auerbach<\/h3>\n                                                <div class=\"flicgal-gallery-container-wrapper\">\n                            <div class=\"flicgal-spinner-wrapper\">\n                                <div class=\"flicgal-loading-img\"><img decoding=\"async\" src=\"https:\/\/www.galeris.de\/wp-content\/plugins\/flickr-album-gallery\/img\/loading.gif\" \/><\/div>\n                            <\/div>\n                            <div class=\"flicgal-gallery-container\"><\/div>\n                        <\/div>\n                        <!-- Blueimp gallery -->\n                        <div id=\"blueimp-gallery-509\" class=\"blueimp-gallery blueimp-gallery-controls\">\n                            <div class=\"slides\"><\/div>\n                            <h3 class=\"title\"><\/h3>\n                            <a class=\"prev\"><\/a>\n                            <a class=\"next\"><\/a>\n                            <a class=\"close\"><\/a>\n                            <a class=\"play-pause\"><\/a>\n                            <ol class=\"indicator\"><\/ol>\n                        <\/div>\n                    <\/div>\n                    \n            <\/div><\/div><div class='content-column one_fourth'><div style=\"padding-left:10px;\">                    <div class=\"flicgal-gallery-wrapper gallery-510\">\n                                                    <h3 class=\"flicgal-title\">Bensheim<\/h3>\n                                                <div class=\"flicgal-gallery-container-wrapper\">\n                            <div class=\"flicgal-spinner-wrapper\">\n                                <div class=\"flicgal-loading-img\"><img decoding=\"async\" src=\"https:\/\/www.galeris.de\/wp-content\/plugins\/flickr-album-gallery\/img\/loading.gif\" \/><\/div>\n                            <\/div>\n                            <div class=\"flicgal-gallery-container\"><\/div>\n                        <\/div>\n                        <!-- Blueimp gallery -->\n                        <div id=\"blueimp-gallery-510\" class=\"blueimp-gallery blueimp-gallery-controls\">\n                            <div class=\"slides\"><\/div>\n                            <h3 class=\"title\"><\/h3>\n                            <a class=\"prev\"><\/a>\n                            <a class=\"next\"><\/a>\n                            <a class=\"close\"><\/a>\n                            <a class=\"play-pause\"><\/a>\n                            <ol class=\"indicator\"><\/ol>\n                        <\/div>\n                    <\/div>\n                    \n            <\/div><\/div><div class='content-column one_fourth last_column'><div style=\"padding-left:10px;\">                    <div class=\"flicgal-gallery-wrapper gallery-511\">\n                                                    <h3 class=\"flicgal-title\">Heppenheim<\/h3>\n                                                <div class=\"flicgal-gallery-container-wrapper\">\n                            <div class=\"flicgal-spinner-wrapper\">\n                                <div class=\"flicgal-loading-img\"><img decoding=\"async\" src=\"https:\/\/www.galeris.de\/wp-content\/plugins\/flickr-album-gallery\/img\/loading.gif\" \/><\/div>\n                            <\/div>\n                            <div class=\"flicgal-gallery-container\"><\/div>\n                        <\/div>\n                        <!-- Blueimp gallery -->\n                        <div id=\"blueimp-gallery-511\" class=\"blueimp-gallery blueimp-gallery-controls\">\n                            <div class=\"slides\"><\/div>\n                            <h3 class=\"title\"><\/h3>\n                            <a class=\"prev\"><\/a>\n                            <a class=\"next\"><\/a>\n                            <a class=\"close\"><\/a>\n                            <a class=\"play-pause\"><\/a>\n                            <ol class=\"indicator\"><\/ol>\n                        <\/div>\n                    <\/div>\n                    \n            <\/div><\/div><div class='clear_column'><\/div><\/p>\n<p>&nbsp;<\/p>\n<p>&nbsp;<\/p>\n","protected":false},"excerpt":{"rendered":"<p>Zwischen Seeheim-Jugenheim und Heidelberg liegen malerische Orte wie an einer Perlenschnur aufgereiht. Auf den ersten Anh\u00f6hen dahinter, viele Burgen. Die besonders reizvoll wirken, wenn sie abendlich beleuchtet sind. F\u00fcr uns war die Bergstrasse fr\u00fcher \u2013 ganz schn\u00f6de gesehen \u2013\u00a0 immer<\/p>\n","protected":false},"author":1,"featured_media":0,"parent":0,"menu_order":0,"comment_status":"closed","ping_status":"closed","template":"","meta":{"footnotes":""},"class_list":["post-341","page","type-page","status-publish","hentry"],"_links":{"self":[{"href":"https:\/\/www.galeris.de\/index.php\/wp-json\/wp\/v2\/pages\/341","targetHints":{"allow":["GET"]}}],"collection":[{"href":"https:\/\/www.galeris.de\/index.php\/wp-json\/wp\/v2\/pages"}],"about":[{"href":"https:\/\/www.galeris.de\/index.php\/wp-json\/wp\/v2\/types\/page"}],"author":[{"embeddable":true,"href":"https:\/\/www.galeris.de\/index.php\/wp-json\/wp\/v2\/users\/1"}],"replies":[{"embeddable":true,"href":"https:\/\/www.galeris.de\/index.php\/wp-json\/wp\/v2\/comments?post=341"}],"version-history":[{"count":29,"href":"https:\/\/www.galeris.de\/index.php\/wp-json\/wp\/v2\/pages\/341\/revisions"}],"predecessor-version":[{"id":1336,"href":"https:\/\/www.galeris.de\/index.php\/wp-json\/wp\/v2\/pages\/341\/revisions\/1336"}],"wp:attachment":[{"href":"https:\/\/www.galeris.de\/index.php\/wp-json\/wp\/v2\/media?parent=341"}],"curies":[{"name":"wp","href":"https:\/\/api.w.org\/{rel}","templated":true}]}}