{"id":348,"date":"2022-05-30T18:03:10","date_gmt":"2022-05-30T16:03:10","guid":{"rendered":"https:\/\/www.galeris.de\/?page_id=348"},"modified":"2022-06-08T08:54:46","modified_gmt":"2022-06-08T06:54:46","slug":"region","status":"publish","type":"page","link":"https:\/\/www.galeris.de\/index.php\/region\/","title":{"rendered":"Region"},"content":{"rendered":"<p>&nbsp;<\/p>\r\n<p style=\"text-align: justify;\">Beruflich bedingt sind wir 1997 aus der Frankfurter Gegend an die Bergstrasse gezogen \u2013 es war ein Gl\u00fccksfall! Zwischen den Regionen Rhein-Main und Rhein-Neckar liegend, bietet die Bergstrasse in jeglicher Hinsicht viel. F\u00fcr uns war der landschaftliche Aspekt besonders wichtig: F\u00fcr&#8217;s Wandern,\u00a0 Radeln und sonstigen Outdoor-Aktivit\u00e4ten gibt es unz\u00e4hlige M\u00f6glichkeiten. Umso mehr, wenn man den nahen Odenwald mit einbezieht. Die grosse Tierfreundin Marion hat sich sofort nach unserem Umzug\u00a0 im Heppenheimer Tierheim engagiert. Unz\u00e4hlige Male hat sie seitdem mit den ihr anvertrauten Hunden ihre Runden im Gebiet der Weschnitzinsel gedreht. Sie ist im Tierheim unbestritten die Gassigeherin mit der l\u00e4ngsten Historie \ud83d\ude09<\/p>\r\n<p><img decoding=\"async\" class=\"alignnone size-full wp-image-585\" src=\"https:\/\/www.galeris.de\/wp-content\/uploads\/2022\/06\/tierheim1-750.jpg\" alt=\"\" width=\"750\" height=\"509\" \/><\/p>\r\n<p>&nbsp;<\/p>\r\n<p>&nbsp;<\/p>\r\n<p>&nbsp;<\/p>\r\n<p>&nbsp;<\/p>\r\n<p>&nbsp;<\/p>\r\n<p>&nbsp;<\/p>\r\n<p>&nbsp;<\/p>\r\n<p>&nbsp;<\/p>\r\n<p>&nbsp;<\/p>\r\n<p>&nbsp;<\/p>\r\n<p>&nbsp;<\/p>\r\n<p>&nbsp;<\/p>\r\n<p>&nbsp;<\/p>\r\n<p>&nbsp;<\/p>\r\n<p>&nbsp;<\/p>\r\n<p>&nbsp;<\/p>\r\n\r\n<p>&nbsp;<\/p>\r\n<p>&nbsp;<\/p>\r\n<p>&nbsp;<\/p>\r\n<p>&nbsp;<\/p>\r\n<p>&nbsp;<\/p>\r\n<p>&nbsp;<\/p>\r\n<p>&nbsp;<\/p>\r\n<p>&nbsp;<\/p>\r\n<p>&nbsp;<\/p>\r\n<p>&nbsp;<\/p>\r\n<p>&nbsp;<\/p>\r\n\r\n\r\n\r\n\r\n\r\n\r\n\r\n\r\n\r\n<pre class=\"wp-block-code\"><code><\/code><\/pre>\r\n\r\n\r\n\r\n\r\n","protected":false},"excerpt":{"rendered":"<p>&nbsp; Beruflich bedingt sind wir 1997 aus der Frankfurter Gegend an die Bergstrasse gezogen \u2013 es war ein Gl\u00fccksfall! Zwischen den Regionen Rhein-Main und Rhein-Neckar liegend, bietet die Bergstrasse in jeglicher Hinsicht viel. F\u00fcr uns war der landschaftliche Aspekt besonders<\/p>\n","protected":false},"author":1,"featured_media":0,"parent":0,"menu_order":0,"comment_status":"closed","ping_status":"closed","template":"","meta":{"footnotes":""},"class_list":["post-348","page","type-page","status-publish","hentry"],"_links":{"self":[{"href":"https:\/\/www.galeris.de\/index.php\/wp-json\/wp\/v2\/pages\/348","targetHints":{"allow":["GET"]}}],"collection":[{"href":"https:\/\/www.galeris.de\/index.php\/wp-json\/wp\/v2\/pages"}],"about":[{"href":"https:\/\/www.galeris.de\/index.php\/wp-json\/wp\/v2\/types\/page"}],"author":[{"embeddable":true,"href":"https:\/\/www.galeris.de\/index.php\/wp-json\/wp\/v2\/users\/1"}],"replies":[{"embeddable":true,"href":"https:\/\/www.galeris.de\/index.php\/wp-json\/wp\/v2\/comments?post=348"}],"version-history":[{"count":59,"href":"https:\/\/www.galeris.de\/index.php\/wp-json\/wp\/v2\/pages\/348\/revisions"}],"predecessor-version":[{"id":1256,"href":"https:\/\/www.galeris.de\/index.php\/wp-json\/wp\/v2\/pages\/348\/revisions\/1256"}],"wp:attachment":[{"href":"https:\/\/www.galeris.de\/index.php\/wp-json\/wp\/v2\/media?parent=348"}],"curies":[{"name":"wp","href":"https:\/\/api.w.org\/{rel}","templated":true}]}}