{"id":57,"date":"2022-05-27T21:32:09","date_gmt":"2022-05-27T19:32:09","guid":{"rendered":"https:\/\/www.galeris.de\/?page_id=57"},"modified":"2022-06-08T14:58:02","modified_gmt":"2022-06-08T12:58:02","slug":"foto","status":"publish","type":"page","link":"https:\/\/www.galeris.de\/index.php\/foto\/","title":{"rendered":"Foto"},"content":{"rendered":"<p>Fotografieren ist seit vielen Jahren eines meiner liebsten Hobbys. Anfang der 70er Jahre begann ich mit einer Yashica-TL-Elektro, zusammen mit dem 50mm f\/1.8. Damals waren Normalbrennweiten im Hobbybereich der Standard, Zoomobjektive folgten sp\u00e4ter. Selbst bei den Bergtouren, die immer nach viel Weitwinkel &#8222;verlangten&#8220;, kam ich gut zurecht. Mit ein paar Schritten in die richtige Richtung war der optimale Bildausschnitt schnell gefunden. Erst einige Jahre sp\u00e4ter kaufte ich mein erstes Zoom-Objektiv.<\/p>\n<p>Die Ambitionen wurden im Laufe der Jahre gr\u00f6\u00dfer, ebenso die Kameras: Es waren Mittelformatkameras von Hasselblad und Mamiya. Inzwischen hat sich alles wieder relativiert: Die Gr\u00f6\u00dfe und das Gewicht der Ausr\u00fcstung, und auch die Preise! Marion fotografiert mit ihrer kleinen spiegellosen Canon M100, ich nutze die etwas gr\u00f6ssere Spiegelreflexkamera Canon 200D.\u00a0 Auch bei uns erledigt inzwischen das Smartphone einiges Fotografisches, es gibt genug Gelegenheiten hierzu.<\/p>\n<p><img decoding=\"async\" class=\"alignnone size-full wp-image-630\" src=\"https:\/\/www.galeris.de\/wp-content\/uploads\/2022\/06\/2022-fotohistorie-2022-1100px.jpg\" alt=\"\" width=\"1100\" height=\"846\" \/><\/p>\n","protected":false},"excerpt":{"rendered":"<p>Fotografieren ist seit vielen Jahren eines meiner liebsten Hobbys. Anfang der 70er Jahre begann ich mit einer Yashica-TL-Elektro, zusammen mit dem 50mm f\/1.8. Damals waren Normalbrennweiten im Hobbybereich der Standard, Zoomobjektive folgten sp\u00e4ter. Selbst bei den Bergtouren, die immer nach<\/p>\n","protected":false},"author":1,"featured_media":0,"parent":0,"menu_order":0,"comment_status":"closed","ping_status":"closed","template":"","meta":{"footnotes":""},"class_list":["post-57","page","type-page","status-publish","hentry"],"_links":{"self":[{"href":"https:\/\/www.galeris.de\/index.php\/wp-json\/wp\/v2\/pages\/57","targetHints":{"allow":["GET"]}}],"collection":[{"href":"https:\/\/www.galeris.de\/index.php\/wp-json\/wp\/v2\/pages"}],"about":[{"href":"https:\/\/www.galeris.de\/index.php\/wp-json\/wp\/v2\/types\/page"}],"author":[{"embeddable":true,"href":"https:\/\/www.galeris.de\/index.php\/wp-json\/wp\/v2\/users\/1"}],"replies":[{"embeddable":true,"href":"https:\/\/www.galeris.de\/index.php\/wp-json\/wp\/v2\/comments?post=57"}],"version-history":[{"count":33,"href":"https:\/\/www.galeris.de\/index.php\/wp-json\/wp\/v2\/pages\/57\/revisions"}],"predecessor-version":[{"id":1305,"href":"https:\/\/www.galeris.de\/index.php\/wp-json\/wp\/v2\/pages\/57\/revisions\/1305"}],"wp:attachment":[{"href":"https:\/\/www.galeris.de\/index.php\/wp-json\/wp\/v2\/media?parent=57"}],"curies":[{"name":"wp","href":"https:\/\/api.w.org\/{rel}","templated":true}]}}