{"id":59,"date":"2022-05-27T21:32:26","date_gmt":"2022-05-27T19:32:26","guid":{"rendered":"https:\/\/www.galeris.de\/?page_id=59"},"modified":"2023-07-12T21:31:36","modified_gmt":"2023-07-12T19:31:36","slug":"alpines","status":"publish","type":"page","link":"https:\/\/www.galeris.de\/index.php\/alpines\/","title":{"rendered":"Alpines"},"content":{"rendered":"<p>Schon seit 1972 bin ich in den Alpen unterwegs. In den ersten Jahren fuhr ich mit Freunden ausschliesslich ins Osttiroler Virgental. Sahen wir nach langer Anfahrt die Gletscher der Malhamgruppe im Talhintergrund vor uns, so f\u00fchlten wir uns wieder &#8222;daheim&#8220;.<\/p>\n<p><img decoding=\"async\" class=\"alignnone wp-image-1132 size-full\" src=\"https:\/\/www.galeris.de\/wp-content\/uploads\/2022\/06\/1909niljoch700px-485x400-1.jpg\" alt=\"\" width=\"485\" height=\"400\" srcset=\"https:\/\/www.galeris.de\/wp-content\/uploads\/2022\/06\/1909niljoch700px-485x400-1.jpg 485w, https:\/\/www.galeris.de\/wp-content\/uploads\/2022\/06\/1909niljoch700px-485x400-1-300x247.jpg 300w\" sizes=\"(max-width: 485px) 100vw, 485px\" \/><\/p>\n<p>Aus einfachen H\u00fcttentouren wurden leichte Gipfelbesteigungen &#8230; usw. Die Bergbegeisterung der Freunde lie\u00df im Laufe der Jahre nach. Alleine belegte ich im Sommer 1980 einen Gletscherkurs in den \u00d6tztaler Alpen, zusammen mit Marion sp\u00e4ter einen Kletterkurs in der Fr\u00e4nkischen Schweiz. Das R\u00fcstzeug f\u00fcr unsere eigenen Unternehmungen war geschaffen! Im Lauf der Jahre sind eine grosse Anzahl von Bergtouren zusammengekommen, darunter 38 Dreitausender und \u00fcber 140 Zweitausender. Marion\u00b4s erster Gipfel war im Mai 1981 die Rofanspitze in Tirol; zwei Monate sp\u00e4ter stand sie neben mir auf dem Gipfel des Similaun.<br \/>\nUnser pr\u00e4gnantesten alpinen Kletterrouten waren jene zur Plattnitzer Jochspitze Ostgrat (IV-) sowie die gewitterbedrohte Tour \u00fcber den Kellenspitze-Westgrat (III). Die un\u00fcberlegteste und gef\u00e4hrlichste Tour war der stundenlange Kampf w\u00e4hrend eines heftigen Gewitters am Walengrat im August 1990.<\/p>\n<p><span style=\"color: #333399;\">Die Schuhe wurden im Laufe der Jahre immer leichter \u2013 so wie auch die Tourschwierigkeiten&#8230;\u00a0<\/span><\/p>\n<p><img decoding=\"async\" class=\"alignnone wp-image-1496 size-full\" src=\"https:\/\/www.galeris.de\/wp-content\/uploads\/2023\/07\/Schuhe-Berge-1100x800-1.jpg\" alt=\"\" width=\"1098\" height=\"800\" srcset=\"https:\/\/www.galeris.de\/wp-content\/uploads\/2023\/07\/Schuhe-Berge-1100x800-1.jpg 1098w, https:\/\/www.galeris.de\/wp-content\/uploads\/2023\/07\/Schuhe-Berge-1100x800-1-300x219.jpg 300w, https:\/\/www.galeris.de\/wp-content\/uploads\/2023\/07\/Schuhe-Berge-1100x800-1-1024x746.jpg 1024w, https:\/\/www.galeris.de\/wp-content\/uploads\/2023\/07\/Schuhe-Berge-1100x800-1-768x560.jpg 768w\" sizes=\"(max-width: 1098px) 100vw, 1098px\" \/><\/p>\n<p><span style=\"color: #333399;\">Meindl &#8211; Wander- und Bergschuh-Kategorien:<\/span><\/p>\n<p data-wp-editing=\"1\"><img decoding=\"async\" class=\"alignleft wp-image-1498\" src=\"https:\/\/www.galeris.de\/wp-content\/uploads\/2023\/07\/Meindl-Kat.jpg\" alt=\"\" width=\"250\" height=\"307\" srcset=\"https:\/\/www.galeris.de\/wp-content\/uploads\/2023\/07\/Meindl-Kat.jpg 600w, https:\/\/www.galeris.de\/wp-content\/uploads\/2023\/07\/Meindl-Kat-245x300.jpg 245w\" sizes=\"(max-width: 250px) 100vw, 250px\" \/><\/p>\n<p data-wp-editing=\"1\">\n<p><img decoding=\"async\" class=\"wp-image-1497 alignleft\" src=\"https:\/\/www.galeris.de\/wp-content\/uploads\/2023\/07\/alpinskalenvergleich.jpg\" alt=\"\" width=\"800\" height=\"566\" srcset=\"https:\/\/www.galeris.de\/wp-content\/uploads\/2023\/07\/alpinskalenvergleich.jpg 1260w, https:\/\/www.galeris.de\/wp-content\/uploads\/2023\/07\/alpinskalenvergleich-300x212.jpg 300w, https:\/\/www.galeris.de\/wp-content\/uploads\/2023\/07\/alpinskalenvergleich-1024x724.jpg 1024w, https:\/\/www.galeris.de\/wp-content\/uploads\/2023\/07\/alpinskalenvergleich-768x543.jpg 768w\" sizes=\"(max-width: 800px) 100vw, 800px\" \/><\/p>\n","protected":false},"excerpt":{"rendered":"<p>Schon seit 1972 bin ich in den Alpen unterwegs. In den ersten Jahren fuhr ich mit Freunden ausschliesslich ins Osttiroler Virgental. Sahen wir nach langer Anfahrt die Gletscher der Malhamgruppe im Talhintergrund vor uns, so f\u00fchlten wir uns wieder &#8222;daheim&#8220;.<\/p>\n","protected":false},"author":1,"featured_media":0,"parent":0,"menu_order":0,"comment_status":"closed","ping_status":"closed","template":"","meta":{"footnotes":""},"class_list":["post-59","page","type-page","status-publish","hentry"],"_links":{"self":[{"href":"https:\/\/www.galeris.de\/index.php\/wp-json\/wp\/v2\/pages\/59","targetHints":{"allow":["GET"]}}],"collection":[{"href":"https:\/\/www.galeris.de\/index.php\/wp-json\/wp\/v2\/pages"}],"about":[{"href":"https:\/\/www.galeris.de\/index.php\/wp-json\/wp\/v2\/types\/page"}],"author":[{"embeddable":true,"href":"https:\/\/www.galeris.de\/index.php\/wp-json\/wp\/v2\/users\/1"}],"replies":[{"embeddable":true,"href":"https:\/\/www.galeris.de\/index.php\/wp-json\/wp\/v2\/comments?post=59"}],"version-history":[{"count":46,"href":"https:\/\/www.galeris.de\/index.php\/wp-json\/wp\/v2\/pages\/59\/revisions"}],"predecessor-version":[{"id":1509,"href":"https:\/\/www.galeris.de\/index.php\/wp-json\/wp\/v2\/pages\/59\/revisions\/1509"}],"wp:attachment":[{"href":"https:\/\/www.galeris.de\/index.php\/wp-json\/wp\/v2\/media?parent=59"}],"curies":[{"name":"wp","href":"https:\/\/api.w.org\/{rel}","templated":true}]}}